{"id":839,"date":"2025-02-27T21:12:59","date_gmt":"2025-02-27T20:12:59","guid":{"rendered":"https:\/\/festhalle-bayernland.webentwicklungsumgebung.de\/?page_id=839"},"modified":"2025-08-01T19:46:16","modified_gmt":"2025-08-01T17:46:16","slug":"qualita-della-regionalita","status":"publish","type":"page","link":"https:\/\/festhalle-bayernland.de\/it\/qualita-della-regionalita\/","title":{"rendered":"Regionalit\u00e0 e qualit\u00e0"},"content":{"rendered":"<h1>Regionalit\u00e4t &amp; Qualit\u00e4t<\/h1>\n<ul>\n<li>\n<p>        <img decoding=\"async\" src=\"\/wp-content\/uploads\/2025\/02\/Bio.siegel.png\" alt=\"Bio Siegel\"><\/p>\n<h3>G\u00fctesiegel 1<\/h3>\n<p><a href=\"https:\/\/www.oekolandbau.de\/bio-zertifizierung\/bio-siegel\/\"><\/a><\/p>\n<\/li>\n<li>\n<p>        <img decoding=\"async\" src=\"\/wp-content\/uploads\/2025\/02\/BayernBio.siegel.png\" alt=\"Bio Bayern Siegel\"><\/p>\n<h3>G\u00fctesiegel 2<\/h3>\n<p><a href=\"https:\/\/www.biosiegel.bayern\/\"><\/a><\/p>\n<\/li>\n<li>\n<p>        <img decoding=\"async\" src=\"\/wp-content\/uploads\/2025\/02\/Bayern.siegel.png\" alt=\"Qualit\u00e4t Bayern Siegel\"><\/p>\n<h3>G\u00fctesiegel 3<\/h3>\n<p><a href=\"https:\/\/www.gq-bayern.de\/\"><\/a><\/p>\n<\/li>\n<li>\n<p>        <img decoding=\"async\" src=\"\/wp-content\/uploads\/2025\/07\/unser-land-logo-siegel_festhalle-bayernland_festzelt.jpg\" alt=\"H\u00f6chste Qualit\u00e4t und regionale Produkte im mit unserem Partner Unser Land.\"><\/p>\n<h3>G\u00fctesiegel 8<\/h3>\n<p><a href=\"https:\/\/www.unserland.info\/\"><\/a><\/p>\n<\/li>\n<li>\n<p>        <img decoding=\"async\" src=\"\/wp-content\/uploads\/2025\/08\/naturland_siegel_logo_v.jpg\" alt=\"Naturland Siegel - Festhalle Bayernland - das Festzelt mit Tradition seit 1971\"><\/p>\n<h3>G\u00fctesiegel 4<\/h3>\n<p><a href=\"https:\/\/www.naturland.de\/de\/naturland\/wofuer-wir-stehen\/qualitaet\/qs-richtlinien.html\"><\/a><\/p>\n<\/li>\n<li>\n<p>        <img decoding=\"async\" src=\"\/wp-content\/uploads\/2025\/03\/AktionZukunft-Siegel.png\" alt=\"AktionZukunft-Siegel\"><\/p>\n<h3>G\u00fctesiegel 6<\/h3>\n<p><a href=\"https:\/\/www.naturland.de\/de\/naturland\/wofuer-wir-stehen\/qualitaet\/qs-richtlinien.html\"><\/a><\/p>\n<\/li>\n<li>\n<p>        <img decoding=\"async\" src=\"\/wp-content\/uploads\/2025\/02\/oekoprofit.black_.siegel.png\" alt=\"\u00d6koprofit Siegel schwarz\"><\/p>\n<h3>G\u00fctesiegel 5<\/h3>\n<p><a href=\"https:\/\/www.oekoprofit.info\/\"><\/a><\/p>\n<\/li>\n<li>\n<p>        <img decoding=\"async\" src=\"\/wp-content\/uploads\/2025\/03\/Logo-GenussBayern-AusgezeichnetesFestzelt-schwarz.png\" alt=\"Logo-GenussBayern-AusgezeichnetesFestzelt-schwarz\"><\/p>\n<h3>Siegel 7<\/h3>\n<\/li>\n<\/ul>\n<h1>Qualit\u00e4t<\/h1>\n<div>Aus Liebe zur Region<\/div>\n<h2><strong data-start=\"0\" data-end=\"46\">Unser Versprechen: Qualit\u00e4t &amp; Regionalit\u00e4t<\/strong><\/h2>\n<div>\n<p>In der Festhalle Bayernland setzen wir auf h\u00f6chste Qualit\u00e4t und regionale Produkte. Mit Stolz und Leidenschaft pflegen wir unsere Partnerschaften mit heimischen Brauereien und Produzenten. So bringen wir den authentischen Geschmack Bayerns direkt auf Euren Tisch \u2013 frisch, nachhaltig und unverf\u00e4lscht!<\/p>\n<\/div>\n<p><img decoding=\"async\" src=\"\/wp-content\/uploads\/2025\/02\/animals-3749330_1280.jpg\" alt=\"\"><br \/>\n<img decoding=\"async\" src=\"\/wp-content\/uploads\/2025\/02\/IMG_2241.jpg\" alt=\"\"><\/p>\n<p><!--more--><br \/>\n<!-- {\"type\":\"layout\",\"children\":[{\"type\":\"section\",\"props\":{\"css\":\"@media (min-width: 960px) {\\n    .el-section > div  {\\n        padding-top: 350px;\\n        padding-bottom: 350px;\\n    }\\n}\\n.el-section {\\n    border-bottom: solid 5px #c0a551;\\n}\",\"image\":\"wp-content\\\/uploads\\\/2025\\\/02\\\/tegernsee-7059208_1920.jpg\",\"image_loading\":true,\"image_position\":\"center-center\",\"image_size\":\"cover\",\"image_width\":\"1840\",\"padding\":\"xlarge\",\"style\":\"default\",\"title_breakpoint\":\"xl\",\"title_position\":\"top-left\",\"title_rotation\":\"left\",\"vertical_align\":\"\",\"width\":\"default\"},\"children\":[{\"type\":\"row\",\"children\":[{\"type\":\"column\",\"props\":{\"image_position\":\"center-center\",\"position_sticky_breakpoint\":\"m\",\"width_medium\":\"1-1\"},\"children\":[{\"type\":\"headline\",\"props\":{\"content\":\"Regionalit\\u00e4t &amp; Qualit\\u00e4t\",\"css\":\".el-element {\\n    text-shadow: 1px 1px 20px #333;\\n}\\n\",\"text_align\":\"center\",\"title_color\":\"muted\",\"title_element\":\"h1\",\"title_font_family\":\"secondary\",\"title_style\":\"heading-xlarge\"}},{\"type\":\"grid\",\"props\":{\"content_column_breakpoint\":\"m\",\"css\":\".el-item {\\n    border-radius: 10px;\\n    box-shadow: 3px 3px 8px #333;\\n}\",\"filter_align\":\"left\",\"filter_all\":true,\"filter_grid_breakpoint\":\"m\",\"filter_grid_width\":\"auto\",\"filter_position\":\"top\",\"filter_style\":\"tab\",\"grid_column_align\":true,\"grid_column_gap\":\"small\",\"grid_default\":\"3\",\"grid_large\":\"auto\",\"grid_medium\":\"auto\",\"grid_small\":\"4\",\"grid_xlarge\":\"auto\",\"icon_width\":80,\"image_align\":\"top\",\"image_grid_breakpoint\":\"m\",\"image_grid_width\":\"1-2\",\"image_height\":\"60px\",\"image_link\":true,\"image_svg_color\":\"emphasis\",\"item_animation\":true,\"lightbox\":false,\"lightbox_bg_close\":true,\"link_margin\":\"remove\",\"link_style\":\"default\",\"link_target\":true,\"link_text\":\"\",\"margin\":\"default\",\"meta_align\":\"below-title\",\"meta_element\":\"div\",\"meta_style\":\"text-meta\",\"panel_image_no_padding\":false,\"panel_padding\":\"small\",\"panel_style\":\"card-default\",\"show_content\":false,\"show_hover_image\":true,\"show_hover_video\":true,\"show_image\":true,\"show_link\":true,\"show_meta\":false,\"show_title\":false,\"show_video\":true,\"text_align\":\"center\",\"title_align\":\"top\",\"title_element\":\"h3\",\"title_grid_breakpoint\":\"m\",\"title_grid_width\":\"1-2\",\"title_hover_style\":\"reset\"},\"children\":[{\"type\":\"grid_item\",\"props\":{\"image\":\"wp-content\\\/uploads\\\/2025\\\/02\\\/Bio.siegel.png\",\"image_alt\":\"Bio Siegel\",\"link\":\"https:\\\/\\\/www.oekolandbau.de\\\/bio-zertifizierung\\\/bio-siegel\\\/\",\"link_aria_label\":\"Bio Siegel\",\"title\":\"G\\u00fctesiegel 1\"}},{\"type\":\"grid_item\",\"props\":{\"image\":\"wp-content\\\/uploads\\\/2025\\\/02\\\/BayernBio.siegel.png\",\"image_alt\":\"Bio Bayern Siegel\",\"link\":\"https:\\\/\\\/www.biosiegel.bayern\\\/\",\"title\":\"G\\u00fctesiegel 2\"}},{\"type\":\"grid_item\",\"props\":{\"image\":\"wp-content\\\/uploads\\\/2025\\\/02\\\/Bayern.siegel.png\",\"image_alt\":\"Qualit\\u00e4t Bayern Siegel\",\"link\":\"https:\\\/\\\/www.gq-bayern.de\\\/\",\"title\":\"G\\u00fctesiegel 3\"}},{\"type\":\"grid_item\",\"props\":{\"image\":\"wp-content\\\/uploads\\\/2025\\\/07\\\/unser-land-logo-siegel_festhalle-bayernland_festzelt.jpg\",\"image_alt\":\"H\\u00f6chste Qualit\\u00e4t und regionale Produkte im mit unserem Partner Unser Land.\",\"link\":\"https:\\\/\\\/www.unserland.info\\\/\",\"title\":\"G\\u00fctesiegel 8\"}},{\"type\":\"grid_item\",\"props\":{\"image\":\"wp-content\\\/uploads\\\/2025\\\/08\\\/naturland_siegel_logo_v.jpg\",\"image_alt\":\"Naturland Siegel - Festhalle Bayernland - das Festzelt mit Tradition seit 1971\",\"link\":\"https:\\\/\\\/www.naturland.de\\\/de\\\/naturland\\\/wofuer-wir-stehen\\\/qualitaet\\\/qs-richtlinien.html\",\"title\":\"G\\u00fctesiegel 4\",\"yooessentials_access_conditions\":[],\"yooessentials_access_mode\":\"AND\"}},{\"type\":\"grid_item\",\"props\":{\"image\":\"wp-content\\\/uploads\\\/2025\\\/03\\\/AktionZukunft-Siegel.png\",\"image_alt\":\"AktionZukunft-Siegel\",\"link\":\"https:\\\/\\\/www.naturland.de\\\/de\\\/naturland\\\/wofuer-wir-stehen\\\/qualitaet\\\/qs-richtlinien.html\",\"title\":\"G\\u00fctesiegel 6\",\"yooessentials_access_conditions\":[],\"yooessentials_access_mode\":\"AND\"}},{\"type\":\"grid_item\",\"props\":{\"content\":\"\",\"image\":\"wp-content\\\/uploads\\\/2025\\\/02\\\/oekoprofit.black_.siegel.png\",\"image_alt\":\"\\u00d6koprofit Siegel schwarz\",\"link\":\"https:\\\/\\\/www.oekoprofit.info\\\/\",\"meta\":\"\",\"title\":\"G\\u00fctesiegel 5\",\"yooessentials_access_conditions\":[],\"yooessentials_access_mode\":\"AND\"}},{\"type\":\"grid_item\",\"props\":{\"image\":\"wp-content\\\/uploads\\\/2025\\\/03\\\/Logo-GenussBayern-AusgezeichnetesFestzelt-schwarz.png\",\"image_alt\":\"Logo-GenussBayern-AusgezeichnetesFestzelt-schwarz\",\"title\":\"Siegel 7\"}}],\"name\":\"G\\u00fctesiegel\"}]}]}],\"name\":\"Hero\"},{\"type\":\"section\",\"props\":{\"css\":\".el-section {\\nbackground: linear-gradient(338deg, rgba(255,255,255,1) 0%, rgba(247,247,247,1) 41%, rgba(196,196,196,1) 100%);\\n}\",\"image_position\":\"center-center\",\"padding\":\"large\",\"style\":\"default\",\"title_breakpoint\":\"xl\",\"title_position\":\"top-left\",\"title_rotation\":\"left\",\"vertical_align\":\"\",\"width\":\"default\"},\"children\":[{\"type\":\"row\",\"children\":[{\"type\":\"column\",\"props\":{\"image_position\":\"center-center\",\"position_sticky_breakpoint\":\"m\"},\"children\":[{\"type\":\"headline\",\"props\":{\"content\":\"Qualit\\u00e4t\",\"margin_remove_bottom\":false,\"margin_remove_top\":false,\"text_align\":\"center\",\"title_element\":\"h1\",\"title_font_family\":\"secondary\",\"title_style\":\"heading-large\"}}]}]},{\"type\":\"row\",\"props\":{\"column_gap\":\"large\",\"divider\":false,\"layout\":\"1-3,2-3\",\"margin\":\"large\",\"margin_remove_bottom\":true,\"margin_remove_top\":false,\"row_gap\":\"large\"},\"children\":[{\"type\":\"column\",\"props\":{\"image_position\":\"center-center\",\"position_sticky_breakpoint\":\"m\",\"width_medium\":\"1-3\"},\"children\":[{\"type\":\"headline\",\"props\":{\"content\":\"Aus Liebe zur Region\",\"margin\":\"small\",\"text_align\":\"left\",\"text_align_breakpoint\":\"m\",\"text_align_fallback\":\"center\",\"title_color\":\"primary\",\"title_element\":\"div\",\"title_font_family\":\"secondary\",\"title_style\":\"h2\"}},{\"type\":\"headline\",\"props\":{\"block_align_breakpoint\":\"m\",\"block_align_fallback\":\"center\",\"content\":\"<strong data-start=\\\"0\\\" data-end=\\\"46\\\">Unser Versprechen: Qualit\\u00e4t &amp; Regionalit\\u00e4t<\\\/strong>\",\"margin\":\"medium\",\"margin_remove_top\":true,\"maxwidth\":\"xlarge\",\"text_align\":\"left\",\"text_align_breakpoint\":\"m\",\"text_align_fallback\":\"center\",\"title_element\":\"h2\"}},{\"type\":\"text\",\"props\":{\"block_align_breakpoint\":\"m\",\"block_align_fallback\":\"center\",\"column_breakpoint\":\"m\",\"content\":\"\n\n<p>In der Festhalle Bayernland setzen wir auf h\\u00f6chste Qualit\\u00e4t und regionale Produkte. Mit Stolz und Leidenschaft pflegen wir unsere Partnerschaften mit heimischen Brauereien und Produzenten. So bringen wir den authentischen Geschmack Bayerns direkt auf Euren Tisch \\u2013 frisch, nachhaltig und unverf\\u00e4lscht!<\\\/p>\",\"margin\":\"\",\"margin_remove_bottom\":false,\"margin_remove_top\":false,\"maxwidth\":\"2xlarge\",\"maxwidth_breakpoint\":\"m\",\"text_align\":\"left\"}},{\"type\":\"image\",\"props\":{\"image\":\"wp-content\\\/uploads\\\/2025\\\/02\\\/animals-3749330_1280.jpg\",\"image_svg_color\":\"emphasis\",\"margin\":\"default\"}}]},{\"type\":\"column\",\"props\":{\"image_position\":\"center-center\",\"position_sticky_breakpoint\":\"m\",\"width_medium\":\"2-3\"},\"children\":[{\"type\":\"image\",\"props\":{\"image\":\"wp-content\\\/uploads\\\/2025\\\/02\\\/IMG_2241.jpg\",\"image_loading\":true,\"image_svg_color\":\"emphasis\",\"image_width\":\"610\",\"margin\":\"xlarge\",\"margin_remove_top\":false}}]}]}],\"name\":\"About\"},{\"type\":\"section\",\"props\":{\"css\":\".el-section {\\n    border-top: solid 5px #c0a551;\\n}\",\"image\":\"wp-content\\\/uploads\\\/2025\\\/02\\\/meadow-6689249_1920.jpg\",\"image_position\":\"center-center\",\"padding\":\"none\",\"padding_remove_bottom\":true,\"padding_remove_top\":true,\"style\":\"default\",\"text_color\":\"light\",\"title_breakpoint\":\"xl\",\"title_position\":\"top-left\",\"title_rotation\":\"left\",\"vertical_align\":\"\",\"width\":\"\"},\"children\":[{\"type\":\"row\",\"props\":{\"margin\":\"xlarge\"},\"children\":[{\"type\":\"column\",\"props\":{\"image\":\"wp-content\\\/uploads\\\/2025\\\/02\\\/meadow-6689249_1920.jpg\",\"image_effect\":\"fixed\",\"image_position\":\"center-center\",\"image_size\":\"cover\",\"image_width\":\"1840\",\"padding\":\"xlarge\",\"position_sticky_breakpoint\":\"m\",\"text_color\":\"light\",\"width_medium\":\"1-1\"}}]}],\"name\":\"Zwischenbild\"}],\"version\":\"4.5.13\",\"yooessentialsVersion\":\"2.4.4\"} --><\/p>\n","protected":false},"excerpt":{"rendered":"<p>Regionalit\u00e4t &amp; Qualit\u00e4t G\u00fctesiegel 1 G\u00fctesiegel 2 G\u00fctesiegel 3 G\u00fctesiegel 8 G\u00fctesiegel 4 G\u00fctesiegel 6 G\u00fctesiegel 5 Siegel 7 Qualit\u00e4t Aus Liebe zur Region Unser Versprechen: Qualit\u00e4t &amp; Regionalit\u00e4t In der Festhalle Bayernland setzen wir auf h\u00f6chste Qualit\u00e4t und regionale Produkte. Mit Stolz und Leidenschaft pflegen wir unsere Partnerschaften mit heimischen Brauereien und Produzenten. So [&hellip;]<\/p>\n","protected":false},"author":2,"featured_media":0,"parent":0,"menu_order":0,"comment_status":"closed","ping_status":"closed","template":"","meta":{"footnotes":""},"class_list":["post-839","page","type-page","status-publish","hentry"],"yoast_head":"<!-- This site is optimized with the Yoast SEO plugin v27.2 - https:\/\/yoast.com\/product\/yoast-seo-wordpress\/ -->\n<title>Regionalit\u00e4t &amp; Qualit\u00e4t &#187; Festhalle Bayernland\u00ae - Bayrisch, z\u00fcnftig und modern - das Festzelt seit 1971<\/title>\n<meta name=\"description\" content=\"Regionalit\u00e4t &amp; Qualit\u00e4t &#187; Jetzt Tisch reservieren! &#187; Regionale Speisen \u2714 Tolle Stimmung \u2714 Wo nette Leute zu Freunden werden!\" \/>\n<meta name=\"robots\" content=\"index, follow, max-snippet:-1, max-image-preview:large, max-video-preview:-1\" \/>\n<link rel=\"canonical\" href=\"https:\/\/festhalle-bayernland.de\/it\/qualita-della-regionalita\/\" \/>\n<meta property=\"og:locale\" content=\"it_IT\" \/>\n<meta property=\"og:type\" content=\"article\" \/>\n<meta property=\"og:title\" content=\"Regionalit\u00e4t &amp; Qualit\u00e4t &#187; Festhalle Bayernland\u00ae - Bayrisch, z\u00fcnftig und modern - das Festzelt seit 1971\" \/>\n<meta property=\"og:description\" content=\"Regionalit\u00e4t &amp; Qualit\u00e4t &#187; Jetzt Tisch reservieren! &#187; Regionale Speisen \u2714 Tolle Stimmung \u2714 Wo nette Leute zu Freunden werden!\" \/>\n<meta property=\"og:url\" content=\"https:\/\/festhalle-bayernland.de\/it\/qualita-della-regionalita\/\" \/>\n<meta property=\"og:site_name\" content=\"Festhalle Bayernland\u00ae - Bayrisch, z\u00fcnftig und modern - das Festzelt seit 1971\" \/>\n<meta property=\"article:publisher\" content=\"https:\/\/www.facebook.com\/Festhalle.Bayernland\/\" \/>\n<meta property=\"article:modified_time\" content=\"2025-08-01T17:46:16+00:00\" \/>\n<meta property=\"og:image\" content=\"https:\/\/festhalle-bayernland.de\/wp-content\/uploads\/2025\/01\/Festhalle-Bayernland-Logo-Gold.png\" \/>\n\t<meta property=\"og:image:width\" content=\"1587\" \/>\n\t<meta property=\"og:image:height\" content=\"1020\" \/>\n\t<meta property=\"og:image:type\" content=\"image\/png\" \/>\n<meta name=\"twitter:card\" content=\"summary_large_image\" \/>\n<script type=\"application\/ld+json\" class=\"yoast-schema-graph\">{\"@context\":\"https:\/\/schema.org\",\"@graph\":[{\"@type\":\"WebPage\",\"@id\":\"https:\/\/festhalle-bayernland.de\/regionalitaet-qualitaet\/\",\"url\":\"https:\/\/festhalle-bayernland.de\/regionalitaet-qualitaet\/\",\"name\":\"Regionalit\u00e4t & Qualit\u00e4t &#187; Festhalle Bayernland\u00ae - Bayrisch, z\u00fcnftig und modern - das Festzelt seit 1971\",\"isPartOf\":{\"@id\":\"https:\/\/festhalle-bayernland.de\/#website\"},\"datePublished\":\"2025-02-27T20:12:59+00:00\",\"dateModified\":\"2025-08-01T17:46:16+00:00\",\"description\":\"Regionalit\u00e4t & Qualit\u00e4t &#187; Jetzt Tisch reservieren! &#187; Regionale Speisen \u2714 Tolle Stimmung \u2714 Wo nette Leute zu Freunden werden!\",\"breadcrumb\":{\"@id\":\"https:\/\/festhalle-bayernland.de\/regionalitaet-qualitaet\/#breadcrumb\"},\"inLanguage\":\"it-IT\",\"potentialAction\":[{\"@type\":\"ReadAction\",\"target\":[\"https:\/\/festhalle-bayernland.de\/regionalitaet-qualitaet\/\"]}]},{\"@type\":\"BreadcrumbList\",\"@id\":\"https:\/\/festhalle-bayernland.de\/regionalitaet-qualitaet\/#breadcrumb\",\"itemListElement\":[{\"@type\":\"ListItem\",\"position\":1,\"name\":\"Startseite\",\"item\":\"https:\/\/festhalle-bayernland.de\/\"},{\"@type\":\"ListItem\",\"position\":2,\"name\":\"Regionalit\u00e4t &#038; Qualit\u00e4t\"}]},{\"@type\":\"WebSite\",\"@id\":\"https:\/\/festhalle-bayernland.de\/#website\",\"url\":\"https:\/\/festhalle-bayernland.de\/\",\"name\":\"Festhalle Bayernland \u00ae\",\"description\":\"... wo nette Leute zu Freunden werden.\",\"publisher\":{\"@id\":\"https:\/\/festhalle-bayernland.de\/#organization\"},\"potentialAction\":[{\"@type\":\"SearchAction\",\"target\":{\"@type\":\"EntryPoint\",\"urlTemplate\":\"https:\/\/festhalle-bayernland.de\/?s={search_term_string}\"},\"query-input\":{\"@type\":\"PropertyValueSpecification\",\"valueRequired\":true,\"valueName\":\"search_term_string\"}}],\"inLanguage\":\"it-IT\"},{\"@type\":\"Organization\",\"@id\":\"https:\/\/festhalle-bayernland.de\/#organization\",\"name\":\"Festhalle Bayernland \u00ae\",\"url\":\"https:\/\/festhalle-bayernland.de\/\",\"logo\":{\"@type\":\"ImageObject\",\"inLanguage\":\"it-IT\",\"@id\":\"https:\/\/festhalle-bayernland.de\/#\/schema\/logo\/image\/\",\"url\":\"https:\/\/festhalle-bayernland.de\/wp-content\/uploads\/2025\/01\/Festhalle-Bayernland-Logo-Gold.png\",\"contentUrl\":\"https:\/\/festhalle-bayernland.de\/wp-content\/uploads\/2025\/01\/Festhalle-Bayernland-Logo-Gold.png\",\"width\":1587,\"height\":1020,\"caption\":\"Festhalle Bayernland \u00ae\"},\"image\":{\"@id\":\"https:\/\/festhalle-bayernland.de\/#\/schema\/logo\/image\/\"},\"sameAs\":[\"https:\/\/www.facebook.com\/Festhalle.Bayernland\/\",\"https:\/\/www.instagram.com\/festhalle_bayernland\/\"]}]}<\/script>\n<!-- \/ Yoast SEO plugin. -->","yoast_head_json":{"title":"Regionalit\u00e0 e qualit\u00e0 \" Festhalle Bayernland\u00ae - bavarese, tradizionale e moderna - il tendone dal 1971","description":"Regionalit\u00e0 e qualit\u00e0 \" Prenota subito un tavolo! \" Piatti regionali \u2714 Grande atmosfera \u2714 Dove le persone simpatiche diventano amiche!","robots":{"index":"index","follow":"follow","max-snippet":"max-snippet:-1","max-image-preview":"max-image-preview:large","max-video-preview":"max-video-preview:-1"},"canonical":"https:\/\/festhalle-bayernland.de\/it\/qualita-della-regionalita\/","og_locale":"it_IT","og_type":"article","og_title":"Regionalit\u00e4t & Qualit\u00e4t &#187; Festhalle Bayernland\u00ae - Bayrisch, z\u00fcnftig und modern - das Festzelt seit 1971","og_description":"Regionalit\u00e4t & Qualit\u00e4t &#187; Jetzt Tisch reservieren! &#187; Regionale Speisen \u2714 Tolle Stimmung \u2714 Wo nette Leute zu Freunden werden!","og_url":"https:\/\/festhalle-bayernland.de\/it\/qualita-della-regionalita\/","og_site_name":"Festhalle Bayernland\u00ae - Bayrisch, z\u00fcnftig und modern - das Festzelt seit 1971","article_publisher":"https:\/\/www.facebook.com\/Festhalle.Bayernland\/","article_modified_time":"2025-08-01T17:46:16+00:00","og_image":[{"width":1587,"height":1020,"url":"https:\/\/festhalle-bayernland.de\/wp-content\/uploads\/2025\/01\/Festhalle-Bayernland-Logo-Gold.png","type":"image\/png"}],"twitter_card":"summary_large_image","schema":{"@context":"https:\/\/schema.org","@graph":[{"@type":"WebPage","@id":"https:\/\/festhalle-bayernland.de\/regionalitaet-qualitaet\/","url":"https:\/\/festhalle-bayernland.de\/regionalitaet-qualitaet\/","name":"Regionalit\u00e0 e qualit\u00e0 \" Festhalle Bayernland\u00ae - bavarese, tradizionale e moderna - il tendone dal 1971","isPartOf":{"@id":"https:\/\/festhalle-bayernland.de\/#website"},"datePublished":"2025-02-27T20:12:59+00:00","dateModified":"2025-08-01T17:46:16+00:00","description":"Regionalit\u00e0 e qualit\u00e0 \" Prenota subito un tavolo! \" Piatti regionali \u2714 Grande atmosfera \u2714 Dove le persone simpatiche diventano amiche!","breadcrumb":{"@id":"https:\/\/festhalle-bayernland.de\/regionalitaet-qualitaet\/#breadcrumb"},"inLanguage":"it-IT","potentialAction":[{"@type":"ReadAction","target":["https:\/\/festhalle-bayernland.de\/regionalitaet-qualitaet\/"]}]},{"@type":"BreadcrumbList","@id":"https:\/\/festhalle-bayernland.de\/regionalitaet-qualitaet\/#breadcrumb","itemListElement":[{"@type":"ListItem","position":1,"name":"Startseite","item":"https:\/\/festhalle-bayernland.de\/"},{"@type":"ListItem","position":2,"name":"Regionalit\u00e4t &#038; Qualit\u00e4t"}]},{"@type":"WebSite","@id":"https:\/\/festhalle-bayernland.de\/#website","url":"https:\/\/festhalle-bayernland.de\/","name":"Festhalle Bayernland \u00ae","description":"... wo nette Leute zu Freunden werden.","publisher":{"@id":"https:\/\/festhalle-bayernland.de\/#organization"},"potentialAction":[{"@type":"SearchAction","target":{"@type":"EntryPoint","urlTemplate":"https:\/\/festhalle-bayernland.de\/?s={search_term_string}"},"query-input":{"@type":"PropertyValueSpecification","valueRequired":true,"valueName":"search_term_string"}}],"inLanguage":"it-IT"},{"@type":"Organization","@id":"https:\/\/festhalle-bayernland.de\/#organization","name":"Festhalle Bayernland \u00ae","url":"https:\/\/festhalle-bayernland.de\/","logo":{"@type":"ImageObject","inLanguage":"it-IT","@id":"https:\/\/festhalle-bayernland.de\/#\/schema\/logo\/image\/","url":"https:\/\/festhalle-bayernland.de\/wp-content\/uploads\/2025\/01\/Festhalle-Bayernland-Logo-Gold.png","contentUrl":"https:\/\/festhalle-bayernland.de\/wp-content\/uploads\/2025\/01\/Festhalle-Bayernland-Logo-Gold.png","width":1587,"height":1020,"caption":"Festhalle Bayernland \u00ae"},"image":{"@id":"https:\/\/festhalle-bayernland.de\/#\/schema\/logo\/image\/"},"sameAs":["https:\/\/www.facebook.com\/Festhalle.Bayernland\/","https:\/\/www.instagram.com\/festhalle_bayernland\/"]}]}},"_links":{"self":[{"href":"https:\/\/festhalle-bayernland.de\/it\/wp-json\/wp\/v2\/pages\/839","targetHints":{"allow":["GET"]}}],"collection":[{"href":"https:\/\/festhalle-bayernland.de\/it\/wp-json\/wp\/v2\/pages"}],"about":[{"href":"https:\/\/festhalle-bayernland.de\/it\/wp-json\/wp\/v2\/types\/page"}],"author":[{"embeddable":true,"href":"https:\/\/festhalle-bayernland.de\/it\/wp-json\/wp\/v2\/users\/2"}],"replies":[{"embeddable":true,"href":"https:\/\/festhalle-bayernland.de\/it\/wp-json\/wp\/v2\/comments?post=839"}],"version-history":[{"count":37,"href":"https:\/\/festhalle-bayernland.de\/it\/wp-json\/wp\/v2\/pages\/839\/revisions"}],"predecessor-version":[{"id":2646,"href":"https:\/\/festhalle-bayernland.de\/it\/wp-json\/wp\/v2\/pages\/839\/revisions\/2646"}],"wp:attachment":[{"href":"https:\/\/festhalle-bayernland.de\/it\/wp-json\/wp\/v2\/media?parent=839"}],"curies":[{"name":"wp","href":"https:\/\/api.w.org\/{rel}","templated":true}]}}