{"id":57,"date":"2024-12-04T20:03:30","date_gmt":"2024-12-04T19:03:30","guid":{"rendered":"https:\/\/festhalle-bayernland-wp.wedeon.it\/?page_id=57"},"modified":"2025-08-19T17:30:58","modified_gmt":"2025-08-19T15:30:58","slug":"imr","status":"publish","type":"page","link":"https:\/\/festhalle-bayernland.de\/it\/imr\/","title":{"rendered":"Impronta"},"content":{"rendered":"<p><strong>Fornitore:<\/strong><\/p>\n\n\n\n<p>Festhalle Bayernland<sup><strong>\u00ae<\/strong><\/sup><br>H.u.P. Sch\u00f6niger GmbH<br>Von der Pfordten Str. 10 &nbsp;<br>80687 Monaco di Baviera &nbsp;<\/p>\n\n\n\n<p>Telefono 0172 \/ 85 30 771<br>Fax 0700 \/ 144 21 000 &nbsp;<\/p>\n\n\n\n<p>E-mail:&nbsp;<a href=\"mailto:info@festhalle-bayernland.de\">info@festhalle-bayernland.de<\/a>&nbsp;&nbsp;<br>Internet:&nbsp;<a href=\"https:\/\/festhalle-bayernland.de\/it\/undefined\/\">www.festhalle-bayernland.de<\/a><\/p>\n\n\n\n<p><strong>Amministratori delegati autorizzati a rappresentare la societ\u00e0:<\/strong><\/p>\n\n\n\n<p>Peter Sch\u00f6niger e Petra Sch\u00f6niger &nbsp; &nbsp;&nbsp;<\/p>\n\n\n\n<p>Tribunale del registro: Tribunale di Monaco di Baviera &nbsp;<br>Numero di registro: HRB 142367<br>Codice fiscale: 813-50671 &nbsp;<br>Ufficio delle imposte di Monaco per le societ\u00e0&nbsp;&nbsp;<\/p>\n\n\n\n<p>Partita IVA: DE 222 15 30 60<\/p>\n\n\n\n<p><strong>Avviso di responsabilit\u00e0 e diritto dei marchi:<\/strong><\/p>\n\n\n\n<p>Nonostante l'attento controllo dei contenuti, non ci assumiamo alcuna responsabilit\u00e0 per il contenuto dei link esterni. I gestori delle pagine collegate sono gli unici responsabili dei loro contenuti. Tutti i testi, i grafici e le immagini di questo sito sono soggetti al copyright della Festhalle Bayernland.<strong>\u00ae<\/strong>&nbsp;- H. u. P. Sch\u00f6niger GmbH e sono protetti da copyright. Qualsiasi estratto \u00e8 consentito solo previa autorizzazione scritta. Ci\u00f2 vale anche per le riproduzioni di qualsiasi tipo e le traduzioni dei contenuti. Dalla pubblicazione non si pu\u00f2 dedurre che le soluzioni descritte o le denominazioni utilizzate siano libere da diritti di propriet\u00e0 industriale di terzi. Diritti di brevetto e di marchio della Festhalle Bayernland<strong>\u00ae<\/strong>&nbsp;sono registrati.<\/p>\n\n\n\n<p>Tutti i diritti riservati.<\/p>\n\n\n\n<p>Wir sind nicht bereit oder verpflichtet, an Streitbeilegungsverfahren vor einer Verbraucherschlichtungsstelle teilzunehmen.<\/p>\n\n\n\n<p><strong>Concetto e realizzazione:<br><\/strong><a href=\"https:\/\/wedeon.de\/webdesign-muenchen\/\">WEDEON GmbH<\/a><\/p>","protected":false},"excerpt":{"rendered":"<p>Anbieter: Festhalle Bayernland\u00aeH.u.P. Sch\u00f6niger GmbHVon der Pfordten Str. 10 &nbsp;80687 M\u00fcnchen &nbsp; Telefon&nbsp;0172 \/ 85 30 771Telefax 0700 \/ 144 21 000 &nbsp; E-Mail:&nbsp;info@festhalle-bayernland.de&nbsp;&nbsp;Internet:&nbsp;www.festhalle-bayernland.de Vertretungsberechtigte Gesch\u00e4ftsf\u00fchrer: Peter Sch\u00f6niger und Petra Sch\u00f6niger &nbsp; &nbsp;&nbsp; Registergericht: Amtsgericht M\u00fcnchen &nbsp;Registernummer: HRB 142367Steuernummer: 813-50671 &nbsp;Finanzamt M\u00fcnchen f\u00fcr K\u00f6rperschaften&nbsp;&nbsp; USt ID Nr.: DE 222 15 30 60 Haftungshinweis und Markenrecht: [&hellip;]<\/p>\n","protected":false},"author":2,"featured_media":0,"parent":0,"menu_order":0,"comment_status":"closed","ping_status":"closed","template":"","meta":{"footnotes":""},"class_list":["post-57","page","type-page","status-publish","hentry"],"yoast_head":"<!-- This site is optimized with the Yoast SEO plugin v27.2 - https:\/\/yoast.com\/product\/yoast-seo-wordpress\/ -->\n<title>Impressum &#187; Festhalle Bayernland\u00ae - Bayrisch, z\u00fcnftig und modern - das Festzelt seit 1971<\/title>\n<meta name=\"description\" content=\"Impressum der Festhalle Bayernland &#187; Regionale Speisen \u2714 Tolle Stimmung \u2714 Hier werden nette Leute zu Freunden!\" \/>\n<meta name=\"robots\" content=\"noindex, nofollow\" \/>\n<meta property=\"og:locale\" content=\"it_IT\" \/>\n<meta property=\"og:type\" content=\"article\" \/>\n<meta property=\"og:title\" content=\"Impressum &#187; Festhalle Bayernland\u00ae - Bayrisch, z\u00fcnftig und modern - das Festzelt seit 1971\" \/>\n<meta property=\"og:description\" content=\"Impressum der Festhalle Bayernland &#187; Regionale Speisen \u2714 Tolle Stimmung \u2714 Hier werden nette Leute zu Freunden!\" \/>\n<meta property=\"og:url\" content=\"https:\/\/festhalle-bayernland.de\/it\/imr\/\" \/>\n<meta property=\"og:site_name\" content=\"Festhalle Bayernland\u00ae - Bayrisch, z\u00fcnftig und modern - das Festzelt seit 1971\" \/>\n<meta property=\"article:publisher\" content=\"https:\/\/www.facebook.com\/Festhalle.Bayernland\/\" \/>\n<meta property=\"article:modified_time\" content=\"2025-08-19T15:30:58+00:00\" \/>\n<meta property=\"og:image\" content=\"https:\/\/festhalle-bayernland.de\/wp-content\/uploads\/2025\/01\/Festhalle-Bayernland-Logo-Gold.png\" \/>\n\t<meta property=\"og:image:width\" content=\"1587\" \/>\n\t<meta property=\"og:image:height\" content=\"1020\" \/>\n\t<meta property=\"og:image:type\" content=\"image\/png\" \/>\n<meta name=\"twitter:card\" content=\"summary_large_image\" \/>\n<meta name=\"twitter:label1\" content=\"Tempo di lettura stimato\" \/>\n\t<meta name=\"twitter:data1\" content=\"1 minuto\" \/>\n<script type=\"application\/ld+json\" class=\"yoast-schema-graph\">{\"@context\":\"https:\/\/schema.org\",\"@graph\":[{\"@type\":\"WebPage\",\"@id\":\"https:\/\/festhalle-bayernland.de\/imr\/\",\"url\":\"https:\/\/festhalle-bayernland.de\/imr\/\",\"name\":\"Impressum &#187; Festhalle Bayernland\u00ae - Bayrisch, z\u00fcnftig und modern - das Festzelt seit 1971\",\"isPartOf\":{\"@id\":\"https:\/\/festhalle-bayernland.de\/#website\"},\"datePublished\":\"2024-12-04T19:03:30+00:00\",\"dateModified\":\"2025-08-19T15:30:58+00:00\",\"description\":\"Impressum der Festhalle Bayernland &#187; Regionale Speisen \u2714 Tolle Stimmung \u2714 Hier werden nette Leute zu Freunden!\",\"breadcrumb\":{\"@id\":\"https:\/\/festhalle-bayernland.de\/imr\/#breadcrumb\"},\"inLanguage\":\"it-IT\",\"potentialAction\":[{\"@type\":\"ReadAction\",\"target\":[\"https:\/\/festhalle-bayernland.de\/imr\/\"]}]},{\"@type\":\"BreadcrumbList\",\"@id\":\"https:\/\/festhalle-bayernland.de\/imr\/#breadcrumb\",\"itemListElement\":[{\"@type\":\"ListItem\",\"position\":1,\"name\":\"Startseite\",\"item\":\"https:\/\/festhalle-bayernland.de\/\"},{\"@type\":\"ListItem\",\"position\":2,\"name\":\"Impressum\"}]},{\"@type\":\"WebSite\",\"@id\":\"https:\/\/festhalle-bayernland.de\/#website\",\"url\":\"https:\/\/festhalle-bayernland.de\/\",\"name\":\"Festhalle Bayernland \u00ae\",\"description\":\"... wo nette Leute zu Freunden werden.\",\"publisher\":{\"@id\":\"https:\/\/festhalle-bayernland.de\/#organization\"},\"potentialAction\":[{\"@type\":\"SearchAction\",\"target\":{\"@type\":\"EntryPoint\",\"urlTemplate\":\"https:\/\/festhalle-bayernland.de\/?s={search_term_string}\"},\"query-input\":{\"@type\":\"PropertyValueSpecification\",\"valueRequired\":true,\"valueName\":\"search_term_string\"}}],\"inLanguage\":\"it-IT\"},{\"@type\":\"Organization\",\"@id\":\"https:\/\/festhalle-bayernland.de\/#organization\",\"name\":\"Festhalle Bayernland \u00ae\",\"url\":\"https:\/\/festhalle-bayernland.de\/\",\"logo\":{\"@type\":\"ImageObject\",\"inLanguage\":\"it-IT\",\"@id\":\"https:\/\/festhalle-bayernland.de\/#\/schema\/logo\/image\/\",\"url\":\"https:\/\/festhalle-bayernland.de\/wp-content\/uploads\/2025\/01\/Festhalle-Bayernland-Logo-Gold.png\",\"contentUrl\":\"https:\/\/festhalle-bayernland.de\/wp-content\/uploads\/2025\/01\/Festhalle-Bayernland-Logo-Gold.png\",\"width\":1587,\"height\":1020,\"caption\":\"Festhalle Bayernland \u00ae\"},\"image\":{\"@id\":\"https:\/\/festhalle-bayernland.de\/#\/schema\/logo\/image\/\"},\"sameAs\":[\"https:\/\/www.facebook.com\/Festhalle.Bayernland\/\",\"https:\/\/www.instagram.com\/festhalle_bayernland\/\"]}]}<\/script>\n<!-- \/ Yoast SEO plugin. -->","yoast_head_json":{"title":"Imprint \" Festhalle Bayernland\u00ae - bavarese, accogliente e moderna - il tendone dal 1971","description":"Imprint of the Festhalle Bayernland \" Piatti regionali \u2714 Grande atmosfera \u2714 Le persone simpatiche diventano amiche qui!","robots":{"index":"noindex","follow":"nofollow"},"og_locale":"it_IT","og_type":"article","og_title":"Impressum &#187; Festhalle Bayernland\u00ae - Bayrisch, z\u00fcnftig und modern - das Festzelt seit 1971","og_description":"Impressum der Festhalle Bayernland &#187; Regionale Speisen \u2714 Tolle Stimmung \u2714 Hier werden nette Leute zu Freunden!","og_url":"https:\/\/festhalle-bayernland.de\/it\/imr\/","og_site_name":"Festhalle Bayernland\u00ae - Bayrisch, z\u00fcnftig und modern - das Festzelt seit 1971","article_publisher":"https:\/\/www.facebook.com\/Festhalle.Bayernland\/","article_modified_time":"2025-08-19T15:30:58+00:00","og_image":[{"width":1587,"height":1020,"url":"https:\/\/festhalle-bayernland.de\/wp-content\/uploads\/2025\/01\/Festhalle-Bayernland-Logo-Gold.png","type":"image\/png"}],"twitter_card":"summary_large_image","twitter_misc":{"Tempo di lettura stimato":"1 minuto"},"schema":{"@context":"https:\/\/schema.org","@graph":[{"@type":"WebPage","@id":"https:\/\/festhalle-bayernland.de\/imr\/","url":"https:\/\/festhalle-bayernland.de\/imr\/","name":"Imprint \" Festhalle Bayernland\u00ae - bavarese, accogliente e moderna - il tendone dal 1971","isPartOf":{"@id":"https:\/\/festhalle-bayernland.de\/#website"},"datePublished":"2024-12-04T19:03:30+00:00","dateModified":"2025-08-19T15:30:58+00:00","description":"Imprint of the Festhalle Bayernland \" Piatti regionali \u2714 Grande atmosfera \u2714 Le persone simpatiche diventano amiche qui!","breadcrumb":{"@id":"https:\/\/festhalle-bayernland.de\/imr\/#breadcrumb"},"inLanguage":"it-IT","potentialAction":[{"@type":"ReadAction","target":["https:\/\/festhalle-bayernland.de\/imr\/"]}]},{"@type":"BreadcrumbList","@id":"https:\/\/festhalle-bayernland.de\/imr\/#breadcrumb","itemListElement":[{"@type":"ListItem","position":1,"name":"Startseite","item":"https:\/\/festhalle-bayernland.de\/"},{"@type":"ListItem","position":2,"name":"Impressum"}]},{"@type":"WebSite","@id":"https:\/\/festhalle-bayernland.de\/#website","url":"https:\/\/festhalle-bayernland.de\/","name":"Festhalle Bayernland \u00ae","description":"... wo nette Leute zu Freunden werden.","publisher":{"@id":"https:\/\/festhalle-bayernland.de\/#organization"},"potentialAction":[{"@type":"SearchAction","target":{"@type":"EntryPoint","urlTemplate":"https:\/\/festhalle-bayernland.de\/?s={search_term_string}"},"query-input":{"@type":"PropertyValueSpecification","valueRequired":true,"valueName":"search_term_string"}}],"inLanguage":"it-IT"},{"@type":"Organization","@id":"https:\/\/festhalle-bayernland.de\/#organization","name":"Festhalle Bayernland \u00ae","url":"https:\/\/festhalle-bayernland.de\/","logo":{"@type":"ImageObject","inLanguage":"it-IT","@id":"https:\/\/festhalle-bayernland.de\/#\/schema\/logo\/image\/","url":"https:\/\/festhalle-bayernland.de\/wp-content\/uploads\/2025\/01\/Festhalle-Bayernland-Logo-Gold.png","contentUrl":"https:\/\/festhalle-bayernland.de\/wp-content\/uploads\/2025\/01\/Festhalle-Bayernland-Logo-Gold.png","width":1587,"height":1020,"caption":"Festhalle Bayernland \u00ae"},"image":{"@id":"https:\/\/festhalle-bayernland.de\/#\/schema\/logo\/image\/"},"sameAs":["https:\/\/www.facebook.com\/Festhalle.Bayernland\/","https:\/\/www.instagram.com\/festhalle_bayernland\/"]}]}},"_links":{"self":[{"href":"https:\/\/festhalle-bayernland.de\/it\/wp-json\/wp\/v2\/pages\/57","targetHints":{"allow":["GET"]}}],"collection":[{"href":"https:\/\/festhalle-bayernland.de\/it\/wp-json\/wp\/v2\/pages"}],"about":[{"href":"https:\/\/festhalle-bayernland.de\/it\/wp-json\/wp\/v2\/types\/page"}],"author":[{"embeddable":true,"href":"https:\/\/festhalle-bayernland.de\/it\/wp-json\/wp\/v2\/users\/2"}],"replies":[{"embeddable":true,"href":"https:\/\/festhalle-bayernland.de\/it\/wp-json\/wp\/v2\/comments?post=57"}],"version-history":[{"count":7,"href":"https:\/\/festhalle-bayernland.de\/it\/wp-json\/wp\/v2\/pages\/57\/revisions"}],"predecessor-version":[{"id":2705,"href":"https:\/\/festhalle-bayernland.de\/it\/wp-json\/wp\/v2\/pages\/57\/revisions\/2705"}],"wp:attachment":[{"href":"https:\/\/festhalle-bayernland.de\/it\/wp-json\/wp\/v2\/media?parent=57"}],"curies":[{"name":"wp","href":"https:\/\/api.w.org\/{rel}","templated":true}]}}