{"id":533,"date":"2025-01-28T05:44:41","date_gmt":"2025-01-28T04:44:41","guid":{"rendered":"https:\/\/festhalle-bayernland-wp.wedeon.it\/?page_id=533"},"modified":"2025-03-05T21:49:19","modified_gmt":"2025-03-05T20:49:19","slug":"riferimenti","status":"publish","type":"page","link":"https:\/\/festhalle-bayernland.de\/it\/noleggio-tensostrutture\/riferimenti\/","title":{"rendered":"Riferimenti"},"content":{"rendered":"<h2>Referenzen<\/h2>\n<div>Wir bedanken uns ganz herzlich bei unseren Gesch\u00e4ftspartnern und Gemeinden, f\u00fcr das Mitwirken auf allen Ebenen und sind sehr stolz, diese zu unseren jahrzehntelangen Referenzen der Festhalle Bayernland\u00ae z\u00e4hlen zu d\u00fcrfen.\n<\/div>\n<h2>Auszug unserer Referenzen<\/h2>\n<ul>\n<li>\n<p><img decoding=\"async\" src=\"\/wp-content\/uploads\/2025\/02\/Referenz-Weilheim-Dez2018-scaled.jpg\" alt=\"Referenz-Weilheim-Dez2018\"><\/p>\n<h2>Referenz Weilheim<\/h2>\n<p><a href=\"\/wp-content\/uploads\/2025\/02\/Referenz-Weilheim-Dez2018-scaled.jpg\"><\/a><\/p>\n<\/li>\n<li>\n<p><img decoding=\"async\" src=\"\/wp-content\/uploads\/2025\/02\/Referenz-Waldkraiburg-22.jpg\" alt=\"\"><\/p>\n<h2>Referenz Waldkraiburg<\/h2>\n<p><a href=\"\/wp-content\/uploads\/2025\/02\/Referenz-Waldkraiburg-22.jpg\"><\/a><\/p>\n<\/li>\n<li>\n<p><img decoding=\"async\" src=\"\/wp-content\/uploads\/2025\/02\/Referenz-Noerdlingen-2024.jpg\" alt=\"\"><\/p>\n<h2>Referenz N\u00f6rdlingen<\/h2>\n<p><a href=\"\/wp-content\/uploads\/2025\/02\/Referenz-Noerdlingen-2024.jpg\"><\/a><\/p>\n<\/li>\n<li>\n<p><img decoding=\"async\" src=\"\/wp-content\/uploads\/2025\/02\/Referenz-Kuchlbauer-schreiben-20-22.jpg\" alt=\"\"><\/p>\n<h2>Referenz Kuchlbauer<\/h2>\n<p><a href=\"\/wp-content\/uploads\/2025\/02\/Referenz-Kuchlbauer-schreiben-20-22.jpg\"><\/a><\/p>\n<\/li>\n<li>\n<p><img decoding=\"async\" src=\"\/wp-content\/uploads\/2025\/02\/Referenz-Abensberg-2024.jpg\" alt=\"\"><\/p>\n<h2>Referenz Abensberg<\/h2>\n<p><a href=\"\/wp-content\/uploads\/2025\/02\/Referenz-Abensberg-2024.jpg\"><\/a><\/p>\n<\/li>\n<li>\n<p><img decoding=\"async\" src=\"\/wp-content\/uploads\/2025\/02\/Referenz-Mainburg.png\" alt=\"Referenz Mainburg\"><\/p>\n<h2>Referenz Mainburg<\/h2>\n<p><a href=\"\/wp-content\/uploads\/2025\/02\/Referenz-Mainburg-2024.pdf\"><\/a><\/p>\n<\/li>\n<li>\n<p><img decoding=\"async\" src=\"\/wp-content\/uploads\/2025\/02\/Referenz-Augustiner-Braeu-Muenchen-2024.png\" alt=\"Referenz Augustiner Bra\u0308u Mu\u0308nchen 2024\"><\/p>\n<h2>Referenz Augustiner 2024<\/h2>\n<p><a href=\"\/wp-content\/uploads\/2025\/02\/Referenz-Augustiner-2024.pdf\"><\/a><\/p>\n<\/li>\n<li>\n<p><img decoding=\"async\" src=\"\/wp-content\/uploads\/2025\/02\/Referenz-Augustiner-Muenchen-2023.png\" alt=\"Referenz Augustiner Mu\u0308nchen 2023\"><\/p>\n<h2>Referenz Augustiner 2023<\/h2>\n<p><a href=\"\/wp-content\/uploads\/2025\/02\/Referenz-Augustiner-2023.pdf\"><\/a><\/p>\n<\/li>\n<\/ul>\n<p><!--more--><br \/>\n<!-- {\"type\":\"layout\",\"children\":[{\"name\":\"Zertifizierungen und Referenzen\",\"type\":\"section\",\"props\":{\"image\":\"wp-content\\\/uploads\\\/2025\\\/01\\\/Fond-GrauMuster1-AdobeStock_297899176-dunkel-scharf1-scaled.jpg\",\"image_position\":\"center-center\",\"image_size\":\"cover\",\"padding\":\"large\",\"padding_remove_top\":false,\"style\":\"default\",\"title_breakpoint\":\"xl\",\"title_position\":\"top-left\",\"title_rotation\":\"left\",\"vertical_align\":\"\",\"width\":\"default\"},\"children\":[{\"type\":\"row\",\"props\":{\"margin\":\"large\"},\"children\":[{\"type\":\"column\",\"props\":{\"image_position\":\"center-center\",\"position_sticky_breakpoint\":\"m\",\"width_medium\":\"1-1\"},\"children\":[{\"type\":\"headline\",\"props\":{\"content\":\"Referenzen\",\"css\":\".el-element {background: linear-gradient(90deg, #e2d59e, #c0a551);\\n    -webkit-background-clip: text;\\n    -webkit-text-fill-color: transparent;\\n    transition: background 2s ease-in-out;\\n}\\n.el-element:hover {background: linear-gradient(90deg, #c0a551, #e2d59e );\\n    -webkit-background-clip: text;\\n    -webkit-text-fill-color: transparent;\\n    transition: background 2s ease-in-out;\\n}\",\"text_align\":\"center\",\"title_color\":\"muted\",\"title_element\":\"h2\",\"title_font_family\":\"secondary\",\"title_style\":\"heading-xlarge\"}},{\"type\":\"text\",\"props\":{\"column_breakpoint\":\"m\",\"content\":\"Wir bedanken uns ganz herzlich bei unseren Gesch\\u00e4ftspartnern und Gemeinden, f\\u00fcr das Mitwirken auf allen Ebenen und sind sehr stolz, diese zu unseren jahrzehntelangen Referenzen der Festhalle Bayernland\\u00ae z\\u00e4hlen zu d\\u00fcrfen.\\n\",\"margin\":\"default\",\"text_color\":\"muted\",\"text_style\":\"large\"}},{\"type\":\"headline\",\"props\":{\"content\":\"Auszug unserer Referenzen\",\"title_color\":\"muted\",\"title_element\":\"h2\",\"title_font_family\":\"primary\",\"title_style\":\"h1\"}},{\"type\":\"grid\",\"props\":{\"content_column_breakpoint\":\"m\",\"filter_align\":\"left\",\"filter_all\":true,\"filter_grid_breakpoint\":\"m\",\"filter_grid_width\":\"auto\",\"filter_position\":\"top\",\"filter_style\":\"tab\",\"grid_column_gap\":\"medium\",\"grid_default\":\"1\",\"grid_medium\":\"4\",\"grid_row_gap\":\"medium\",\"grid_small\":\"2\",\"icon_width\":80,\"image_align\":\"top\",\"image_grid_breakpoint\":\"m\",\"image_grid_width\":\"1-2\",\"image_link\":true,\"image_svg_color\":\"emphasis\",\"image_width\":\"609\",\"item_animation\":true,\"lightbox_bg_close\":true,\"link_style\":\"default\",\"link_text\":\"\",\"margin\":\"large\",\"meta_align\":\"below-title\",\"meta_element\":\"div\",\"meta_margin\":\"remove\",\"meta_style\":\"\",\"parallax_easing\":\"1\",\"show_content\":false,\"show_hover_image\":true,\"show_hover_video\":true,\"show_image\":true,\"show_link\":true,\"show_meta\":false,\"show_title\":false,\"show_video\":true,\"title_align\":\"top\",\"title_element\":\"h2\",\"title_grid_breakpoint\":\"m\",\"title_grid_width\":\"1-2\",\"title_hover_style\":\"reset\",\"title_link\":true,\"title_style\":\"h4\"},\"children\":[{\"type\":\"grid_item\",\"props\":{\"image\":\"wp-content\\\/uploads\\\/2025\\\/02\\\/Referenz-Weilheim-Dez2018-scaled.jpg\",\"image_alt\":\"Referenz-Weilheim-Dez2018\",\"link\":\"wp-content\\\/uploads\\\/2025\\\/02\\\/Referenz-Weilheim-Dez2018-scaled.jpg\",\"meta\":\"\",\"panel_style\":\"card-default\",\"title\":\"Referenz Weilheim\"}},{\"type\":\"grid_item\",\"props\":{\"image\":\"wp-content\\\/uploads\\\/2025\\\/02\\\/Referenz-Waldkraiburg-22.jpg\",\"link\":\"wp-content\\\/uploads\\\/2025\\\/02\\\/Referenz-Waldkraiburg-22.jpg\",\"meta\":\"\",\"title\":\"Referenz Waldkraiburg\"}},{\"type\":\"grid_item\",\"props\":{\"image\":\"wp-content\\\/uploads\\\/2025\\\/02\\\/Referenz-Noerdlingen-2024.jpg\",\"link\":\"wp-content\\\/uploads\\\/2025\\\/02\\\/Referenz-Noerdlingen-2024.jpg\",\"meta\":\"\",\"title\":\"Referenz N\\u00f6rdlingen\"}},{\"type\":\"grid_item\",\"props\":{\"image\":\"wp-content\\\/uploads\\\/2025\\\/02\\\/Referenz-Kuchlbauer-schreiben-20-22.jpg\",\"link\":\"wp-content\\\/uploads\\\/2025\\\/02\\\/Referenz-Kuchlbauer-schreiben-20-22.jpg\",\"meta\":\"\",\"panel_style\":\"card-default\",\"title\":\"Referenz Kuchlbauer\"}},{\"type\":\"grid_item\",\"props\":{\"image\":\"wp-content\\\/uploads\\\/2025\\\/02\\\/Referenz-Abensberg-2024.jpg\",\"link\":\"wp-content\\\/uploads\\\/2025\\\/02\\\/Referenz-Abensberg-2024.jpg\",\"meta\":\"\",\"title\":\"Referenz Abensberg\"}},{\"type\":\"grid_item\",\"props\":{\"image\":\"wp-content\\\/uploads\\\/2025\\\/02\\\/Referenz-Mainburg.png\",\"image_alt\":\"Referenz Mainburg\",\"link\":\"wp-content\\\/uploads\\\/2025\\\/02\\\/Referenz-Mainburg-2024.pdf\",\"meta\":\"\",\"title\":\"Referenz Mainburg\"}},{\"type\":\"grid_item\",\"props\":{\"image\":\"wp-content\\\/uploads\\\/2025\\\/02\\\/Referenz-Augustiner-Braeu-Muenchen-2024.png\",\"image_alt\":\"Referenz Augustiner Bra\\u0308u Mu\\u0308nchen 2024\",\"link\":\"wp-content\\\/uploads\\\/2025\\\/02\\\/Referenz-Augustiner-2024.pdf\",\"meta\":\"\",\"title\":\"Referenz Augustiner 2024\"}},{\"type\":\"grid_item\",\"props\":{\"image\":\"wp-content\\\/uploads\\\/2025\\\/02\\\/Referenz-Augustiner-Muenchen-2023.png\",\"image_alt\":\"Referenz Augustiner Mu\\u0308nchen 2023\",\"link\":\"wp-content\\\/uploads\\\/2025\\\/02\\\/Referenz-Augustiner-2023.pdf\",\"meta\":\"\",\"title\":\"Referenz Augustiner 2023\"}}]}]}]}]}],\"version\":\"4.4.16\",\"yooessentialsVersion\":\"2.2.26\"} --><\/p>\n","protected":false},"excerpt":{"rendered":"<p>Referenzen Wir bedanken uns ganz herzlich bei unseren Gesch\u00e4ftspartnern und Gemeinden, f\u00fcr das Mitwirken auf allen Ebenen und sind sehr stolz, diese zu unseren jahrzehntelangen Referenzen der Festhalle Bayernland\u00ae z\u00e4hlen zu d\u00fcrfen. Auszug unserer Referenzen Referenz Weilheim Referenz Waldkraiburg Referenz N\u00f6rdlingen Referenz Kuchlbauer Referenz Abensberg Referenz Mainburg Referenz Augustiner 2024 Referenz Augustiner 2023<\/p>","protected":false},"author":2,"featured_media":0,"parent":514,"menu_order":0,"comment_status":"closed","ping_status":"closed","template":"","meta":{"footnotes":""},"class_list":["post-533","page","type-page","status-publish","hentry"],"yoast_head":"<!-- This site is optimized with the Yoast SEO plugin v27.2 - https:\/\/yoast.com\/product\/yoast-seo-wordpress\/ -->\n<title>Referenzen &#187; Festhalle Bayernland\u00ae - Bayrisch, z\u00fcnftig und modern - das Festzelt seit 1971<\/title>\n<meta name=\"description\" content=\"Referenzen &#187; Jetzt Tisch reservieren! &#187; Regionale Speisen \u2714 Tolle Stimmung \u2714 Wo nette Leute zu Freunden werden!\" \/>\n<meta name=\"robots\" content=\"index, follow, max-snippet:-1, max-image-preview:large, max-video-preview:-1\" \/>\n<link rel=\"canonical\" href=\"https:\/\/festhalle-bayernland.de\/it\/noleggio-tensostrutture\/riferimenti\/\" \/>\n<meta property=\"og:locale\" content=\"it_IT\" \/>\n<meta property=\"og:type\" content=\"article\" \/>\n<meta property=\"og:title\" content=\"Referenzen &#187; Festhalle Bayernland\u00ae - Bayrisch, z\u00fcnftig und modern - das Festzelt seit 1971\" \/>\n<meta property=\"og:description\" content=\"Referenzen &#187; Jetzt Tisch reservieren! &#187; Regionale Speisen \u2714 Tolle Stimmung \u2714 Wo nette Leute zu Freunden werden!\" \/>\n<meta property=\"og:url\" content=\"https:\/\/festhalle-bayernland.de\/it\/noleggio-tensostrutture\/riferimenti\/\" \/>\n<meta property=\"og:site_name\" content=\"Festhalle Bayernland\u00ae - Bayrisch, z\u00fcnftig und modern - das Festzelt seit 1971\" \/>\n<meta property=\"article:publisher\" content=\"https:\/\/www.facebook.com\/Festhalle.Bayernland\/\" \/>\n<meta property=\"article:modified_time\" content=\"2025-03-05T20:49:19+00:00\" \/>\n<meta property=\"og:image\" content=\"https:\/\/festhalle-bayernland.de\/wp-content\/uploads\/2025\/01\/Festhalle-Bayernland-Logo-Gold.png\" \/>\n\t<meta property=\"og:image:width\" content=\"1587\" \/>\n\t<meta property=\"og:image:height\" content=\"1020\" \/>\n\t<meta property=\"og:image:type\" content=\"image\/png\" \/>\n<meta name=\"twitter:card\" content=\"summary_large_image\" \/>\n<script type=\"application\/ld+json\" class=\"yoast-schema-graph\">{\"@context\":\"https:\/\/schema.org\",\"@graph\":[{\"@type\":\"WebPage\",\"@id\":\"https:\/\/festhalle-bayernland.de\/festzeltvermietung\/referenzen\/\",\"url\":\"https:\/\/festhalle-bayernland.de\/festzeltvermietung\/referenzen\/\",\"name\":\"Referenzen &#187; Festhalle Bayernland\u00ae - Bayrisch, z\u00fcnftig und modern - das Festzelt seit 1971\",\"isPartOf\":{\"@id\":\"https:\/\/festhalle-bayernland.de\/#website\"},\"datePublished\":\"2025-01-28T04:44:41+00:00\",\"dateModified\":\"2025-03-05T20:49:19+00:00\",\"description\":\"Referenzen &#187; Jetzt Tisch reservieren! &#187; Regionale Speisen \u2714 Tolle Stimmung \u2714 Wo nette Leute zu Freunden werden!\",\"breadcrumb\":{\"@id\":\"https:\/\/festhalle-bayernland.de\/festzeltvermietung\/referenzen\/#breadcrumb\"},\"inLanguage\":\"it-IT\",\"potentialAction\":[{\"@type\":\"ReadAction\",\"target\":[\"https:\/\/festhalle-bayernland.de\/festzeltvermietung\/referenzen\/\"]}]},{\"@type\":\"BreadcrumbList\",\"@id\":\"https:\/\/festhalle-bayernland.de\/festzeltvermietung\/referenzen\/#breadcrumb\",\"itemListElement\":[{\"@type\":\"ListItem\",\"position\":1,\"name\":\"Startseite\",\"item\":\"https:\/\/festhalle-bayernland.de\/\"},{\"@type\":\"ListItem\",\"position\":2,\"name\":\"Festzeltvermietung\",\"item\":\"https:\/\/festhalle-bayernland.de\/festzeltvermietung\/\"},{\"@type\":\"ListItem\",\"position\":3,\"name\":\"Referenzen\"}]},{\"@type\":\"WebSite\",\"@id\":\"https:\/\/festhalle-bayernland.de\/#website\",\"url\":\"https:\/\/festhalle-bayernland.de\/\",\"name\":\"Festhalle Bayernland \u00ae\",\"description\":\"... wo nette Leute zu Freunden werden.\",\"publisher\":{\"@id\":\"https:\/\/festhalle-bayernland.de\/#organization\"},\"potentialAction\":[{\"@type\":\"SearchAction\",\"target\":{\"@type\":\"EntryPoint\",\"urlTemplate\":\"https:\/\/festhalle-bayernland.de\/?s={search_term_string}\"},\"query-input\":{\"@type\":\"PropertyValueSpecification\",\"valueRequired\":true,\"valueName\":\"search_term_string\"}}],\"inLanguage\":\"it-IT\"},{\"@type\":\"Organization\",\"@id\":\"https:\/\/festhalle-bayernland.de\/#organization\",\"name\":\"Festhalle Bayernland \u00ae\",\"url\":\"https:\/\/festhalle-bayernland.de\/\",\"logo\":{\"@type\":\"ImageObject\",\"inLanguage\":\"it-IT\",\"@id\":\"https:\/\/festhalle-bayernland.de\/#\/schema\/logo\/image\/\",\"url\":\"https:\/\/festhalle-bayernland.de\/wp-content\/uploads\/2025\/01\/Festhalle-Bayernland-Logo-Gold.png\",\"contentUrl\":\"https:\/\/festhalle-bayernland.de\/wp-content\/uploads\/2025\/01\/Festhalle-Bayernland-Logo-Gold.png\",\"width\":1587,\"height\":1020,\"caption\":\"Festhalle Bayernland \u00ae\"},\"image\":{\"@id\":\"https:\/\/festhalle-bayernland.de\/#\/schema\/logo\/image\/\"},\"sameAs\":[\"https:\/\/www.facebook.com\/Festhalle.Bayernland\/\",\"https:\/\/www.instagram.com\/festhalle_bayernland\/\"]}]}<\/script>\n<!-- \/ Yoast SEO plugin. -->","yoast_head_json":{"title":"Referenze \" Festhalle Bayernland\u00ae - bavarese, accogliente e moderna - il tendone dal 1971","description":"Referenze \" Prenota subito un tavolo! \" Piatti regionali \u2714 Grande atmosfera \u2714 Dove le persone simpatiche diventano amiche!","robots":{"index":"index","follow":"follow","max-snippet":"max-snippet:-1","max-image-preview":"max-image-preview:large","max-video-preview":"max-video-preview:-1"},"canonical":"https:\/\/festhalle-bayernland.de\/it\/noleggio-tensostrutture\/riferimenti\/","og_locale":"it_IT","og_type":"article","og_title":"Referenzen &#187; Festhalle Bayernland\u00ae - Bayrisch, z\u00fcnftig und modern - das Festzelt seit 1971","og_description":"Referenzen &#187; Jetzt Tisch reservieren! &#187; Regionale Speisen \u2714 Tolle Stimmung \u2714 Wo nette Leute zu Freunden werden!","og_url":"https:\/\/festhalle-bayernland.de\/it\/noleggio-tensostrutture\/riferimenti\/","og_site_name":"Festhalle Bayernland\u00ae - Bayrisch, z\u00fcnftig und modern - das Festzelt seit 1971","article_publisher":"https:\/\/www.facebook.com\/Festhalle.Bayernland\/","article_modified_time":"2025-03-05T20:49:19+00:00","og_image":[{"width":1587,"height":1020,"url":"https:\/\/festhalle-bayernland.de\/wp-content\/uploads\/2025\/01\/Festhalle-Bayernland-Logo-Gold.png","type":"image\/png"}],"twitter_card":"summary_large_image","schema":{"@context":"https:\/\/schema.org","@graph":[{"@type":"WebPage","@id":"https:\/\/festhalle-bayernland.de\/festzeltvermietung\/referenzen\/","url":"https:\/\/festhalle-bayernland.de\/festzeltvermietung\/referenzen\/","name":"Referenze \" Festhalle Bayernland\u00ae - bavarese, accogliente e moderna - il tendone dal 1971","isPartOf":{"@id":"https:\/\/festhalle-bayernland.de\/#website"},"datePublished":"2025-01-28T04:44:41+00:00","dateModified":"2025-03-05T20:49:19+00:00","description":"Referenze \" Prenota subito un tavolo! \" Piatti regionali \u2714 Grande atmosfera \u2714 Dove le persone simpatiche diventano amiche!","breadcrumb":{"@id":"https:\/\/festhalle-bayernland.de\/festzeltvermietung\/referenzen\/#breadcrumb"},"inLanguage":"it-IT","potentialAction":[{"@type":"ReadAction","target":["https:\/\/festhalle-bayernland.de\/festzeltvermietung\/referenzen\/"]}]},{"@type":"BreadcrumbList","@id":"https:\/\/festhalle-bayernland.de\/festzeltvermietung\/referenzen\/#breadcrumb","itemListElement":[{"@type":"ListItem","position":1,"name":"Startseite","item":"https:\/\/festhalle-bayernland.de\/"},{"@type":"ListItem","position":2,"name":"Festzeltvermietung","item":"https:\/\/festhalle-bayernland.de\/festzeltvermietung\/"},{"@type":"ListItem","position":3,"name":"Referenzen"}]},{"@type":"WebSite","@id":"https:\/\/festhalle-bayernland.de\/#website","url":"https:\/\/festhalle-bayernland.de\/","name":"Festhalle Bayernland \u00ae","description":"... wo nette Leute zu Freunden werden.","publisher":{"@id":"https:\/\/festhalle-bayernland.de\/#organization"},"potentialAction":[{"@type":"SearchAction","target":{"@type":"EntryPoint","urlTemplate":"https:\/\/festhalle-bayernland.de\/?s={search_term_string}"},"query-input":{"@type":"PropertyValueSpecification","valueRequired":true,"valueName":"search_term_string"}}],"inLanguage":"it-IT"},{"@type":"Organization","@id":"https:\/\/festhalle-bayernland.de\/#organization","name":"Festhalle Bayernland \u00ae","url":"https:\/\/festhalle-bayernland.de\/","logo":{"@type":"ImageObject","inLanguage":"it-IT","@id":"https:\/\/festhalle-bayernland.de\/#\/schema\/logo\/image\/","url":"https:\/\/festhalle-bayernland.de\/wp-content\/uploads\/2025\/01\/Festhalle-Bayernland-Logo-Gold.png","contentUrl":"https:\/\/festhalle-bayernland.de\/wp-content\/uploads\/2025\/01\/Festhalle-Bayernland-Logo-Gold.png","width":1587,"height":1020,"caption":"Festhalle Bayernland \u00ae"},"image":{"@id":"https:\/\/festhalle-bayernland.de\/#\/schema\/logo\/image\/"},"sameAs":["https:\/\/www.facebook.com\/Festhalle.Bayernland\/","https:\/\/www.instagram.com\/festhalle_bayernland\/"]}]}},"_links":{"self":[{"href":"https:\/\/festhalle-bayernland.de\/it\/wp-json\/wp\/v2\/pages\/533","targetHints":{"allow":["GET"]}}],"collection":[{"href":"https:\/\/festhalle-bayernland.de\/it\/wp-json\/wp\/v2\/pages"}],"about":[{"href":"https:\/\/festhalle-bayernland.de\/it\/wp-json\/wp\/v2\/types\/page"}],"author":[{"embeddable":true,"href":"https:\/\/festhalle-bayernland.de\/it\/wp-json\/wp\/v2\/users\/2"}],"replies":[{"embeddable":true,"href":"https:\/\/festhalle-bayernland.de\/it\/wp-json\/wp\/v2\/comments?post=533"}],"version-history":[{"count":10,"href":"https:\/\/festhalle-bayernland.de\/it\/wp-json\/wp\/v2\/pages\/533\/revisions"}],"predecessor-version":[{"id":1435,"href":"https:\/\/festhalle-bayernland.de\/it\/wp-json\/wp\/v2\/pages\/533\/revisions\/1435"}],"up":[{"embeddable":true,"href":"https:\/\/festhalle-bayernland.de\/it\/wp-json\/wp\/v2\/pages\/514"}],"wp:attachment":[{"href":"https:\/\/festhalle-bayernland.de\/it\/wp-json\/wp\/v2\/media?parent=533"}],"curies":[{"name":"wp","href":"https:\/\/api.w.org\/{rel}","templated":true}]}}