{"id":57,"date":"2024-12-04T20:03:30","date_gmt":"2024-12-04T19:03:30","guid":{"rendered":"https:\/\/festhalle-bayernland-wp.wedeon.it\/?page_id=57"},"modified":"2025-08-19T17:30:58","modified_gmt":"2025-08-19T15:30:58","slug":"imr","status":"publish","type":"page","link":"https:\/\/festhalle-bayernland.de\/es\/imr\/","title":{"rendered":"Pie de imprenta"},"content":{"rendered":"<p><strong>Proveedor:<\/strong><\/p>\n\n\n\n<p>Festhalle Bayernland<sup><strong>\u00ae<\/strong><\/sup><br>H.u.P. Sch\u00f6niger GmbH<br>Von der Pfordten Str. 10 &nbsp;<br>80687 M\u00fanich &nbsp;<\/p>\n\n\n\n<p>Tel\u00e9fono 0172 \/ 85 30 771<br>Fax 0700 \/ 144 21 000 &nbsp;<\/p>\n\n\n\n<p>correo electr\u00f3nico:&nbsp;<a href=\"mailto:info@festhalle-bayernland.de\">info@festhalle-bayernland.de<\/a>&nbsp;&nbsp;<br>Internet:&nbsp;<a href=\"https:\/\/festhalle-bayernland.de\/es\/undefined\/\">www.festhalle-bayernland.de<\/a><\/p>\n\n\n\n<p><strong>Consejeros delegados autorizados a representar a la empresa:<\/strong><\/p>\n\n\n\n<p>Peter Sch\u00f6niger y Petra Sch\u00f6niger &nbsp; &nbsp;&nbsp;<\/p>\n\n\n\n<p>Juzgado de registro: Juzgado de Primera Instancia de M\u00fanich &nbsp;<br>N\u00famero de registro: HRB 142367<br>N\u00famero de identificaci\u00f3n fiscal: 813-50671 &nbsp;<br>Agencia Tributaria de M\u00fanich&nbsp;&nbsp;<\/p>\n\n\n\n<p>NIF IVA: DE 222 15 30 60<\/p>\n\n\n\n<p><strong>Aviso de responsabilidad y derecho de marcas:<\/strong><\/p>\n\n\n\n<p>A pesar del cuidadoso control de los contenidos, no asumimos ninguna responsabilidad por el contenido de los enlaces externos. Los operadores de las p\u00e1ginas enlazadas son los \u00fanicos responsables de su contenido. Todos los textos, gr\u00e1ficos e im\u00e1genes de este sitio web est\u00e1n sujetos a los derechos de autor de Festhalle Bayernland<strong>\u00ae<\/strong>&nbsp;- H. u. P. Sch\u00f6niger GmbH y est\u00e1n protegidos por derechos de autor. Cualquier extracto s\u00f3lo est\u00e1 permitido con autorizaci\u00f3n por escrito. Esto tambi\u00e9n se aplica a las reproducciones de cualquier tipo y a las traducciones de los contenidos. De la publicaci\u00f3n no puede deducirse que las soluciones descritas o las denominaciones utilizadas est\u00e9n libres de derechos de propiedad industrial de terceros. Derechos de patente y marca de Festhalle Bayernland<strong>\u00ae<\/strong>&nbsp;est\u00e1n registrados.<\/p>\n\n\n\n<p>Todos los derechos reservados.<\/p>\n\n\n\n<p>Wir sind nicht bereit oder verpflichtet, an Streitbeilegungsverfahren vor einer Verbraucherschlichtungsstelle teilzunehmen.<\/p>\n\n\n\n<p><strong>Concepto y realizaci\u00f3n:<br><\/strong><a href=\"https:\/\/wedeon.de\/webdesign-muenchen\/\">WEDEON GmbH<\/a><\/p>","protected":false},"excerpt":{"rendered":"<p>Anbieter: Festhalle Bayernland\u00aeH.u.P. Sch\u00f6niger GmbHVon der Pfordten Str. 10 &nbsp;80687 M\u00fcnchen &nbsp; Telefon&nbsp;0172 \/ 85 30 771Telefax 0700 \/ 144 21 000 &nbsp; E-Mail:&nbsp;info@festhalle-bayernland.de&nbsp;&nbsp;Internet:&nbsp;www.festhalle-bayernland.de Vertretungsberechtigte Gesch\u00e4ftsf\u00fchrer: Peter Sch\u00f6niger und Petra Sch\u00f6niger &nbsp; &nbsp;&nbsp; Registergericht: Amtsgericht M\u00fcnchen &nbsp;Registernummer: HRB 142367Steuernummer: 813-50671 &nbsp;Finanzamt M\u00fcnchen f\u00fcr K\u00f6rperschaften&nbsp;&nbsp; USt ID Nr.: DE 222 15 30 60 Haftungshinweis und Markenrecht: [&hellip;]<\/p>\n","protected":false},"author":2,"featured_media":0,"parent":0,"menu_order":0,"comment_status":"closed","ping_status":"closed","template":"","meta":{"footnotes":""},"class_list":["post-57","page","type-page","status-publish","hentry"],"yoast_head":"<!-- This site is optimized with the Yoast SEO plugin v27.2 - https:\/\/yoast.com\/product\/yoast-seo-wordpress\/ -->\n<title>Impressum &#187; Festhalle Bayernland\u00ae - Bayrisch, z\u00fcnftig und modern - das Festzelt seit 1971<\/title>\n<meta name=\"description\" content=\"Impressum der Festhalle Bayernland &#187; Regionale Speisen \u2714 Tolle Stimmung \u2714 Hier werden nette Leute zu Freunden!\" \/>\n<meta name=\"robots\" content=\"noindex, nofollow\" \/>\n<meta property=\"og:locale\" content=\"es_ES\" \/>\n<meta property=\"og:type\" content=\"article\" \/>\n<meta property=\"og:title\" content=\"Impressum &#187; Festhalle Bayernland\u00ae - Bayrisch, z\u00fcnftig und modern - das Festzelt seit 1971\" \/>\n<meta property=\"og:description\" content=\"Impressum der Festhalle Bayernland &#187; Regionale Speisen \u2714 Tolle Stimmung \u2714 Hier werden nette Leute zu Freunden!\" \/>\n<meta property=\"og:url\" content=\"https:\/\/festhalle-bayernland.de\/es\/imr\/\" \/>\n<meta property=\"og:site_name\" content=\"Festhalle Bayernland\u00ae - Bayrisch, z\u00fcnftig und modern - das Festzelt seit 1971\" \/>\n<meta property=\"article:publisher\" content=\"https:\/\/www.facebook.com\/Festhalle.Bayernland\/\" \/>\n<meta property=\"article:modified_time\" content=\"2025-08-19T15:30:58+00:00\" \/>\n<meta property=\"og:image\" content=\"https:\/\/festhalle-bayernland.de\/wp-content\/uploads\/2025\/01\/Festhalle-Bayernland-Logo-Gold.png\" \/>\n\t<meta property=\"og:image:width\" content=\"1587\" \/>\n\t<meta property=\"og:image:height\" content=\"1020\" \/>\n\t<meta property=\"og:image:type\" content=\"image\/png\" \/>\n<meta name=\"twitter:card\" content=\"summary_large_image\" \/>\n<meta name=\"twitter:label1\" content=\"Tiempo de lectura\" \/>\n\t<meta name=\"twitter:data1\" content=\"1 minuto\" \/>\n<script type=\"application\/ld+json\" class=\"yoast-schema-graph\">{\"@context\":\"https:\/\/schema.org\",\"@graph\":[{\"@type\":\"WebPage\",\"@id\":\"https:\/\/festhalle-bayernland.de\/imr\/\",\"url\":\"https:\/\/festhalle-bayernland.de\/imr\/\",\"name\":\"Impressum &#187; Festhalle Bayernland\u00ae - Bayrisch, z\u00fcnftig und modern - das Festzelt seit 1971\",\"isPartOf\":{\"@id\":\"https:\/\/festhalle-bayernland.de\/#website\"},\"datePublished\":\"2024-12-04T19:03:30+00:00\",\"dateModified\":\"2025-08-19T15:30:58+00:00\",\"description\":\"Impressum der Festhalle Bayernland &#187; Regionale Speisen \u2714 Tolle Stimmung \u2714 Hier werden nette Leute zu Freunden!\",\"breadcrumb\":{\"@id\":\"https:\/\/festhalle-bayernland.de\/imr\/#breadcrumb\"},\"inLanguage\":\"es\",\"potentialAction\":[{\"@type\":\"ReadAction\",\"target\":[\"https:\/\/festhalle-bayernland.de\/imr\/\"]}]},{\"@type\":\"BreadcrumbList\",\"@id\":\"https:\/\/festhalle-bayernland.de\/imr\/#breadcrumb\",\"itemListElement\":[{\"@type\":\"ListItem\",\"position\":1,\"name\":\"Startseite\",\"item\":\"https:\/\/festhalle-bayernland.de\/\"},{\"@type\":\"ListItem\",\"position\":2,\"name\":\"Impressum\"}]},{\"@type\":\"WebSite\",\"@id\":\"https:\/\/festhalle-bayernland.de\/#website\",\"url\":\"https:\/\/festhalle-bayernland.de\/\",\"name\":\"Festhalle Bayernland \u00ae\",\"description\":\"... wo nette Leute zu Freunden werden.\",\"publisher\":{\"@id\":\"https:\/\/festhalle-bayernland.de\/#organization\"},\"potentialAction\":[{\"@type\":\"SearchAction\",\"target\":{\"@type\":\"EntryPoint\",\"urlTemplate\":\"https:\/\/festhalle-bayernland.de\/?s={search_term_string}\"},\"query-input\":{\"@type\":\"PropertyValueSpecification\",\"valueRequired\":true,\"valueName\":\"search_term_string\"}}],\"inLanguage\":\"es\"},{\"@type\":\"Organization\",\"@id\":\"https:\/\/festhalle-bayernland.de\/#organization\",\"name\":\"Festhalle Bayernland \u00ae\",\"url\":\"https:\/\/festhalle-bayernland.de\/\",\"logo\":{\"@type\":\"ImageObject\",\"inLanguage\":\"es\",\"@id\":\"https:\/\/festhalle-bayernland.de\/#\/schema\/logo\/image\/\",\"url\":\"https:\/\/festhalle-bayernland.de\/wp-content\/uploads\/2025\/01\/Festhalle-Bayernland-Logo-Gold.png\",\"contentUrl\":\"https:\/\/festhalle-bayernland.de\/wp-content\/uploads\/2025\/01\/Festhalle-Bayernland-Logo-Gold.png\",\"width\":1587,\"height\":1020,\"caption\":\"Festhalle Bayernland \u00ae\"},\"image\":{\"@id\":\"https:\/\/festhalle-bayernland.de\/#\/schema\/logo\/image\/\"},\"sameAs\":[\"https:\/\/www.facebook.com\/Festhalle.Bayernland\/\",\"https:\/\/www.instagram.com\/festhalle_bayernland\/\"]}]}<\/script>\n<!-- \/ Yoast SEO plugin. -->","yoast_head_json":{"title":"Pie de imprenta \" Festhalle Bayernland\u00ae - B\u00e1vara, acogedora y moderna - la carpa desde 1971","description":"Pie de imprenta de la Festhalle Bayernland \" Platos regionales \u2714 Gran ambiente \u2714 \u00a1Aqu\u00ed la gente agradable se hace amiga!","robots":{"index":"noindex","follow":"nofollow"},"og_locale":"es_ES","og_type":"article","og_title":"Impressum &#187; Festhalle Bayernland\u00ae - Bayrisch, z\u00fcnftig und modern - das Festzelt seit 1971","og_description":"Impressum der Festhalle Bayernland &#187; Regionale Speisen \u2714 Tolle Stimmung \u2714 Hier werden nette Leute zu Freunden!","og_url":"https:\/\/festhalle-bayernland.de\/es\/imr\/","og_site_name":"Festhalle Bayernland\u00ae - Bayrisch, z\u00fcnftig und modern - das Festzelt seit 1971","article_publisher":"https:\/\/www.facebook.com\/Festhalle.Bayernland\/","article_modified_time":"2025-08-19T15:30:58+00:00","og_image":[{"width":1587,"height":1020,"url":"https:\/\/festhalle-bayernland.de\/wp-content\/uploads\/2025\/01\/Festhalle-Bayernland-Logo-Gold.png","type":"image\/png"}],"twitter_card":"summary_large_image","twitter_misc":{"Tiempo de lectura":"1 minuto"},"schema":{"@context":"https:\/\/schema.org","@graph":[{"@type":"WebPage","@id":"https:\/\/festhalle-bayernland.de\/imr\/","url":"https:\/\/festhalle-bayernland.de\/imr\/","name":"Pie de imprenta \" Festhalle Bayernland\u00ae - B\u00e1vara, acogedora y moderna - la carpa desde 1971","isPartOf":{"@id":"https:\/\/festhalle-bayernland.de\/#website"},"datePublished":"2024-12-04T19:03:30+00:00","dateModified":"2025-08-19T15:30:58+00:00","description":"Pie de imprenta de la Festhalle Bayernland \" Platos regionales \u2714 Gran ambiente \u2714 \u00a1Aqu\u00ed la gente agradable se hace amiga!","breadcrumb":{"@id":"https:\/\/festhalle-bayernland.de\/imr\/#breadcrumb"},"inLanguage":"es","potentialAction":[{"@type":"ReadAction","target":["https:\/\/festhalle-bayernland.de\/imr\/"]}]},{"@type":"BreadcrumbList","@id":"https:\/\/festhalle-bayernland.de\/imr\/#breadcrumb","itemListElement":[{"@type":"ListItem","position":1,"name":"Startseite","item":"https:\/\/festhalle-bayernland.de\/"},{"@type":"ListItem","position":2,"name":"Impressum"}]},{"@type":"WebSite","@id":"https:\/\/festhalle-bayernland.de\/#website","url":"https:\/\/festhalle-bayernland.de\/","name":"Festhalle Bayernland \u00ae","description":"... wo nette Leute zu Freunden werden.","publisher":{"@id":"https:\/\/festhalle-bayernland.de\/#organization"},"potentialAction":[{"@type":"SearchAction","target":{"@type":"EntryPoint","urlTemplate":"https:\/\/festhalle-bayernland.de\/?s={search_term_string}"},"query-input":{"@type":"PropertyValueSpecification","valueRequired":true,"valueName":"search_term_string"}}],"inLanguage":"es"},{"@type":"Organization","@id":"https:\/\/festhalle-bayernland.de\/#organization","name":"Festhalle Bayernland \u00ae","url":"https:\/\/festhalle-bayernland.de\/","logo":{"@type":"ImageObject","inLanguage":"es","@id":"https:\/\/festhalle-bayernland.de\/#\/schema\/logo\/image\/","url":"https:\/\/festhalle-bayernland.de\/wp-content\/uploads\/2025\/01\/Festhalle-Bayernland-Logo-Gold.png","contentUrl":"https:\/\/festhalle-bayernland.de\/wp-content\/uploads\/2025\/01\/Festhalle-Bayernland-Logo-Gold.png","width":1587,"height":1020,"caption":"Festhalle Bayernland \u00ae"},"image":{"@id":"https:\/\/festhalle-bayernland.de\/#\/schema\/logo\/image\/"},"sameAs":["https:\/\/www.facebook.com\/Festhalle.Bayernland\/","https:\/\/www.instagram.com\/festhalle_bayernland\/"]}]}},"_links":{"self":[{"href":"https:\/\/festhalle-bayernland.de\/es\/wp-json\/wp\/v2\/pages\/57","targetHints":{"allow":["GET"]}}],"collection":[{"href":"https:\/\/festhalle-bayernland.de\/es\/wp-json\/wp\/v2\/pages"}],"about":[{"href":"https:\/\/festhalle-bayernland.de\/es\/wp-json\/wp\/v2\/types\/page"}],"author":[{"embeddable":true,"href":"https:\/\/festhalle-bayernland.de\/es\/wp-json\/wp\/v2\/users\/2"}],"replies":[{"embeddable":true,"href":"https:\/\/festhalle-bayernland.de\/es\/wp-json\/wp\/v2\/comments?post=57"}],"version-history":[{"count":7,"href":"https:\/\/festhalle-bayernland.de\/es\/wp-json\/wp\/v2\/pages\/57\/revisions"}],"predecessor-version":[{"id":2705,"href":"https:\/\/festhalle-bayernland.de\/es\/wp-json\/wp\/v2\/pages\/57\/revisions\/2705"}],"wp:attachment":[{"href":"https:\/\/festhalle-bayernland.de\/es\/wp-json\/wp\/v2\/media?parent=57"}],"curies":[{"name":"wp","href":"https:\/\/api.w.org\/{rel}","templated":true}]}}