{"id":514,"date":"2025-01-27T16:34:40","date_gmt":"2025-01-27T15:34:40","guid":{"rendered":"https:\/\/festhalle-bayernland-wp.wedeon.it\/?page_id=514"},"modified":"2025-04-11T19:13:05","modified_gmt":"2025-04-11T17:13:05","slug":"marquee-rental","status":"publish","type":"page","link":"https:\/\/festhalle-bayernland.de\/en\/marquee-rental\/","title":{"rendered":"Marquee hire"},"content":{"rendered":"<h1>Festzeltvermietung<\/h1>\n<div>Mit unserer <strong data-start=\"94\" data-end=\"116\">Festzeltvermietung<\/strong> schaffen wir den perfekten Rahmen f\u00fcr unvergessliche Veranstaltungen. Flexibel, professionell und ganz nach Ihren W\u00fcnschen!<\/div>\n<ul>\n<li>\n        <a href=\"#vermietung\">Vermietung anfragen<\/a>\n    <\/li>\n<li>\n        <a href=\"#leistungen\">Unsere Leistungen<\/a>\n    <\/li>\n<li>\n        <a href=\"\/festzeltvermietung\/zertifizierungen\/\">Zertifizierungen<\/a>\n    <\/li>\n<li>\n        <a href=\"\/festzeltvermietung\/referenzen\/\">Referenzen<\/a>\n    <\/li>\n<\/ul>\n<div>Unsere Leistungen<\/div>\n<ul>\n<li>\n<h3>Beratung<\/h3>\n<div>\n<p>Wir unterst\u00fctzen Sie von Anfang an \u2013 mit individueller Beratung<br \/>\nund ma\u00dfgeschneiderten L\u00f6sungen, die perfekt auf Ihre Veranstaltung abgestimmt sind.<\/p>\n<\/div>\n<\/li>\n<li>\n<h3>Organisation<\/h3>\n<div>\n<p>Von der Planung bis zum Durchf\u00fchrung k\u00fcmmern wir uns um alle Details, damit Ihr Event ein voller Erfolg wird.<\/p>\n<\/div>\n<\/li>\n<li>\n<h3>Auf- und Abbau<\/h3>\n<div>\n<p>Unser erfahrenes Team sorgt f\u00fcr einen schnellen und professionellen Auf- und Abbau, damit sie sich um nichts k\u00fcmmern m\u00fcssen.<\/p>\n<\/div>\n<\/li>\n<li>\n<h3>Unterhaltung<\/h3>\n<div>\n<p>Ob stimmungsvolle Live-Musik, DJ oder ein abwechslungsreiches Rahmenprogramm &#8211; wir sorgen f\u00fcr beste<br \/>\nUnterhaltung und unvergessliche Erlebnisse.<\/p>\n<\/div>\n<\/li>\n<li>\n<h3>Bewirtung<\/h3>\n<div>\n<p>Genie\u00dfen Sie erstklassige Speisen und Getr\u00e4nke aus der Region \u2013 frisch zubereitet und perfekt auf Ihre G\u00e4ste abgestimmt.<\/p>\n<\/div>\n<\/li>\n<\/ul>\n<p>\n    <a href=\"#vermietung\">Vermietung anfragen<\/a>\n<\/p>\n<h1>Vermietung anfragen<\/h1>\n<h3>Telefonischer Kontakt<\/h3>\n<div>\n<p><span>0172 \/ 85 30 771<\/span><\/p>\n<\/div>\n<p><!--more--><br \/>\n<!-- {\"type\":\"layout\",\"children\":[{\"type\":\"section\",\"props\":{\"header_transparent\":false,\"header_transparent_noplaceholder\":true,\"height\":\"viewport\",\"height_offset_top\":true,\"image\":\"wp-content\\\/uploads\\\/2025\\\/02\\\/Eingang-Licht-IMG_3122-bearb-mod.jpg\",\"image_effect\":\"parallax\",\"image_loading\":true,\"image_parallax_bgy\":\"400\",\"image_position\":\"top-center\",\"media_overlay\":\"rgba(0, 0, 0, 0.29)\",\"padding_remove_bottom\":false,\"padding_remove_top\":false,\"style\":\"secondary\",\"text_color\":\"light\",\"title_breakpoint\":\"xl\",\"title_position\":\"top-left\",\"title_rotation\":\"left\",\"vertical_align\":\"bottom\",\"width\":\"default\"},\"children\":[{\"type\":\"row\",\"children\":[{\"type\":\"column\",\"props\":{\"image_position\":\"center-center\",\"position_sticky_breakpoint\":\"m\"},\"children\":[{\"type\":\"headline\",\"props\":{\"animation\":\"parallax\",\"content\":\"Festzeltvermietung\",\"css\":\"\\n.el-element {\\n    text-shadow: 3px 3px 9px #333;\\n}\\n\\\/* Hovereffekt\\n\\n.el-element:hover {\\n        background: linear-gradient(90deg, #c0a551, #e2d59e);\\n    -webkit-background-clip: text;\\n    -webkit-text-fill-color: transparent;\\n    transition: background 2s ease-in-out;\\n}*\\\/\",\"parallax_blur\":\"50\",\"parallax_breakpoint\":\"m\",\"parallax_opacity\":\"1,0\",\"parallax_scale\":\"0.5\",\"text_align\":\"left\",\"title_element\":\"h1\",\"title_font_family\":\"secondary\",\"title_style\":\"heading-large\"}},{\"type\":\"headline\",\"props\":{\"animation\":\"parallax\",\"content\":\"Mit unserer <strong data-start=\\\"94\\\" data-end=\\\"116\\\">Festzeltvermietung<\\\/strong> schaffen wir den perfekten Rahmen f\\u00fcr unvergessliche Veranstaltungen. Flexibel, professionell und ganz nach Ihren W\\u00fcnschen!\",\"css\":\".el-element {\\n    text-shadow: 3px 3px 9px #333;\\n}\",\"parallax_blur\":\"50\",\"parallax_breakpoint\":\"m\",\"parallax_opacity\":\"1,0\",\"parallax_scale\":\"0.5\",\"text_align\":\"left\",\"title_element\":\"div\",\"title_font_family\":\"primary\",\"title_style\":\"h3\"}},{\"type\":\"button\",\"props\":{\"animation\":\"parallax\",\"button_size\":\"large\",\"grid_column_gap\":\"small\",\"grid_row_gap\":\"small\",\"margin\":\"default\",\"parallax_blur\":\"50\",\"parallax_opacity\":\"1\",\"parallax_scale\":\"0.5\"},\"children\":[{\"type\":\"button_item\",\"props\":{\"button_style\":\"primary\",\"content\":\"Vermietung anfragen\",\"icon\":\"chevron-double-right\",\"icon_align\":\"left\",\"link\":\"#vermietung\"}},{\"type\":\"button_item\",\"props\":{\"button_style\":\"default\",\"content\":\"Unsere Leistungen\",\"icon\":\"chevron-double-right\",\"icon_align\":\"left\",\"link\":\"#leistungen\"}},{\"type\":\"button_item\",\"props\":{\"button_style\":\"default\",\"content\":\"Zertifizierungen\",\"icon\":\"chevron-double-right\",\"icon_align\":\"left\",\"link\":\"festzeltvermietung\\\/zertifizierungen\\\/\"}},{\"type\":\"button_item\",\"props\":{\"button_style\":\"default\",\"content\":\"Referenzen\",\"icon\":\"chevron-double-right\",\"icon_align\":\"left\",\"link\":\"festzeltvermietung\\\/referenzen\\\/\"}}]}]}]}],\"name\":\"Hero\"},{\"type\":\"section\",\"props\":{\"css\":\".el-section {\\n    border-top: solid 5px #c0a551;\\n   \\\/* border-bottom: solid 5px #c0a551; *\\\/\\n}\",\"id\":\"leistungen\",\"image\":\"wp-content\\\/uploads\\\/2025\\\/01\\\/Fond-GrauMuster1-AdobeStock_297899176-dunkel-scharf1-scaled.jpg\",\"image_position\":\"center-center\",\"image_size\":\"cover\",\"media_focal_point\":\"top-center\",\"media_overlay\":\"rgba(0, 0, 0, 0.17)\",\"overlap\":true,\"padding\":\"large\",\"padding_remove_bottom\":false,\"preserve_color\":false,\"style\":\"muted\",\"title_breakpoint\":\"xl\",\"title_position\":\"top-left\",\"title_rotation\":\"left\",\"vertical_align\":\"\",\"width\":\"large\",\"yooessentials_access_conditions\":[],\"yooessentials_access_mode\":\"AND\"},\"children\":[{\"type\":\"row\",\"props\":{\"margin\":\"xlarge\",\"margin_remove_bottom\":false,\"margin_remove_top\":false},\"children\":[{\"type\":\"column\",\"props\":{\"image_position\":\"center-center\",\"position_sticky_breakpoint\":\"m\"},\"children\":[{\"type\":\"headline\",\"props\":{\"animation\":\"parallax\",\"content\":\"Unsere Leistungen\",\"css\":\"\\n.uk-heading-line>::before {\\n    content: \\\"\\\";\\n    position: absolute;\\n    top: calc(50% -(calc(.2px + .05em) \\\/ 2));\\n    width: 2000px;\\n    border-bottom: calc(.2px + .05em) solid #fff !important;\\n}\\n\",\"id\":\"programm\",\"parallax_x\":\"-10vw,15vw\",\"position\":\"relative\",\"position_right\":\"50vw\",\"text_align\":\"right\",\"title_color\":\"muted\",\"title_decoration\":\"line\",\"title_element\":\"div\",\"title_font_family\":\"secondary\",\"title_style\":\"heading-large\"}},{\"type\":\"description_list\",\"props\":{\"column_breakpoint\":\"m\",\"content_style\":\"text-lead\",\"css\":\".uk-text-lead {\\n    color: #fff;\\n}\",\"layout\":\"stacked\",\"list_element\":\"ul\",\"list_marker_color\":\"muted\",\"list_size\":\"large\",\"list_style\":\"divider\",\"margin\":\"large\",\"meta_align\":\"above-title\",\"meta_color\":\"muted\",\"meta_style\":\"text-meta\",\"show_content\":true,\"show_link\":true,\"show_meta\":true,\"show_title\":true,\"title_color\":\"muted\",\"title_element\":\"div\",\"title_font_family\":\"primary\",\"title_grid_column_gap\":\"small\",\"title_grid_row_gap\":\"small\",\"title_grid_width\":\"auto\",\"title_style\":\"h1\"},\"children\":[{\"type\":\"description_list_item\",\"props\":{\"content\":\"\n\n<p>Wir unterst\\u00fctzen Sie von Anfang an \\u2013 mit individueller Beratung\\nund ma\\u00dfgeschneiderten L\\u00f6sungen, die perfekt auf Ihre Veranstaltung abgestimmt sind.<\\\/p>\",\"meta\":\"\",\"title\":\"Beratung\"}},{\"type\":\"description_list_item\",\"props\":{\"content\":\"\n\n<p>Von der Planung bis zum Durchf\\u00fchrung k\\u00fcmmern wir uns um alle Details, damit Ihr Event ein voller Erfolg wird.<\\\/p>\",\"title\":\"Organisation\"}},{\"type\":\"description_list_item\",\"props\":{\"content\":\"\n\n<p>Unser erfahrenes Team sorgt f\\u00fcr einen schnellen und professionellen Auf- und Abbau, damit sie sich um nichts k\\u00fcmmern m\\u00fcssen.<\\\/p>\",\"title\":\"Auf- und Abbau\"}},{\"type\":\"description_list_item\",\"props\":{\"content\":\"\n\n<p>Ob stimmungsvolle Live-Musik, DJ oder ein abwechslungsreiches Rahmenprogramm - wir sorgen f\\u00fcr beste\\nUnterhaltung und unvergessliche Erlebnisse.<\\\/p>\",\"title\":\"Unterhaltung\"}},{\"type\":\"description_list_item\",\"props\":{\"content\":\"\n\n<p>Genie\\u00dfen Sie erstklassige Speisen und Getr\\u00e4nke aus der Region \\u2013 frisch zubereitet und perfekt auf Ihre G\\u00e4ste abgestimmt.<\\\/p>\",\"title\":\"Bewirtung\"}}]},{\"type\":\"button\",\"props\":{\"grid_column_gap\":\"small\",\"grid_row_gap\":\"small\",\"margin\":\"default\"},\"children\":[{\"type\":\"button_item\",\"props\":{\"button_style\":\"default\",\"content\":\"Vermietung anfragen\",\"icon\":\"chevron-double-right\",\"icon_align\":\"left\",\"link\":\"#vermietung\"}}]}]}]}],\"name\":\"Programm\"},{\"type\":\"section\",\"props\":{\"css\":\".el-section {\\n    border-top: solid 5px #c0a551;\\n}\",\"height\":\"viewport\",\"height_offset_top\":false,\"height_viewport\":70,\"image\":\"wp-content\\\/uploads\\\/2025\\\/02\\\/DSC_0906-135-23-FotoMayer-scaled.jpg\",\"image_effect\":\"fixed\",\"image_loading\":true,\"image_position\":\"top-center\",\"image_size\":\"cover\",\"media_focal_point\":\"top-center\",\"style\":\"default\",\"title_breakpoint\":\"xl\",\"title_position\":\"top-left\",\"title_rotation\":\"left\",\"vertical_align\":\"middle\",\"width\":\"default\"},\"children\":[{\"type\":\"row\",\"children\":[{\"type\":\"column\",\"props\":{\"image_position\":\"center-center\",\"position_sticky_breakpoint\":\"m\"}}],\"props\":{\"height\":\"pixels\",\"height_viewport\":500}}],\"name\":\"Bildhintergrund zur Auflockerung\"},{\"name\":\"H\\u00e4lfte blau, H\\u00e4lfte Bild\",\"type\":\"section\",\"props\":{\"animation\":\"slide-top-small\",\"css\":\".el-section {\\n    border-top: solid 5px #c0a551;\\n    \\\/\\\/ border-bottom: solid 5px #c0a551;\\n}\",\"header_overlay\":\"light\",\"height_viewport\":false,\"id\":\"vermietung\",\"image_position\":\"center-center\",\"image_size\":\"cover\",\"padding\":\"none\",\"padding_remove_top\":false,\"style\":\"default\",\"title_breakpoint\":\"xl\",\"title_position\":\"top-left\",\"title_rotation\":\"left\",\"vertical_align\":\"\",\"width\":\"\"},\"children\":[{\"type\":\"row\",\"props\":{\"column_gap\":\"collapse\",\"layout\":\"1-2,1-2\",\"margin\":\"small\",\"match\":false,\"row_gap\":\"collapse\",\"vertical_align\":false},\"children\":[{\"type\":\"column\",\"props\":{\"image_height\":\"470\",\"image_loading\":true,\"image_position\":\"center-right\",\"image_size\":\"contain\",\"image_width\":\"700\",\"padding\":\"large\",\"position_sticky_breakpoint\":\"m\",\"preserve_color\":false,\"style\":\"tile-primary\",\"width_medium\":\"1-2\"},\"children\":[{\"type\":\"headline\",\"props\":{\"content\":\"Vermietung anfragen\",\"title_element\":\"h1\"}},{\"type\":\"yooessentials_form_input\",\"props\":{\"control_icon_align\":\"left\",\"grid_column_gap\":\"small\",\"grid_columns_number\":\"1-1@m\",\"grid_row_gap\":\"small\",\"margin\":\"default\",\"show_icon\":true,\"show_label\":true},\"children\":[{\"type\":\"yooessentials_form_input_text\",\"props\":{\"control_id_inherit\":true,\"control_label\":\"Name\",\"control_name\":\"Name\",\"control_placeholder\":\"Ihr Name\",\"control_required\":true}},{\"type\":\"yooessentials_form_input_email\",\"props\":{\"control_id_inherit\":true,\"control_label\":\"E-Mail\",\"control_name\":\"Email\",\"control_placeholder\":\"Ihre E-Mail\",\"control_required\":true}},{\"type\":\"yooessentials_form_input_tel\",\"props\":{\"control_id_inherit\":true,\"control_label\":\"Telefon\",\"control_name\":\"Telefon\",\"control_placeholder\":\"Ihre Telefonnummer\",\"control_required\":true}}]},{\"type\":\"yooessentials_form_button\",\"props\":{\"grid_column_gap\":\"small\",\"grid_row_gap\":\"small\",\"margin\":\"default\"},\"children\":[{\"type\":\"yooessentials_form_button_item\",\"props\":{\"button_style\":\"secondary\",\"content\":\"Anfrage absenden\",\"icon\":\"mail\",\"icon_align\":\"left\"}}]},{\"type\":\"headline\",\"props\":{\"content\":\"Telefonischer Kontakt\",\"title_element\":\"h3\"}},{\"type\":\"text\",\"props\":{\"column_breakpoint\":\"m\",\"content\":\"\n\n<p><span>0172 \\\/ 85 30 771<\\\/span><\\\/p>\",\"margin\":\"default\",\"text_style\":\"lead\"}}]},{\"type\":\"column\",\"props\":{\"image\":\"wp-content\\\/uploads\\\/2025\\\/01\\\/1257736_fancybox_1ACZQZ_uRa9VU.jpg\",\"image_height\":\"470\",\"image_loading\":true,\"image_position\":\"center-right\",\"image_size\":\"cover\",\"image_width\":\"700\",\"padding\":\"large\",\"position_sticky_breakpoint\":\"m\",\"preserve_color\":false,\"style\":\"tile-secondary\",\"width_medium\":\"1-2\"}}]}]}],\"version\":\"4.4.16\",\"yooessentialsVersion\":\"2.2.26\"} --><\/p>\n","protected":false},"excerpt":{"rendered":"<p>Festzeltvermietung Mit unserer Festzeltvermietung schaffen wir den perfekten Rahmen f\u00fcr unvergessliche Veranstaltungen. Flexibel, professionell und ganz nach Ihren W\u00fcnschen! Vermietung anfragen Unsere Leistungen Zertifizierungen Referenzen Unsere Leistungen Beratung Wir unterst\u00fctzen Sie von Anfang an \u2013 mit individueller Beratung und ma\u00dfgeschneiderten L\u00f6sungen, die perfekt auf Ihre Veranstaltung abgestimmt sind. Organisation Von der Planung bis zum Durchf\u00fchrung [&hellip;]<\/p>\n","protected":false},"author":2,"featured_media":0,"parent":0,"menu_order":0,"comment_status":"closed","ping_status":"closed","template":"","meta":{"footnotes":""},"class_list":["post-514","page","type-page","status-publish","hentry"],"yoast_head":"<!-- This site is optimized with the Yoast SEO plugin v27.2 - https:\/\/yoast.com\/product\/yoast-seo-wordpress\/ -->\n<title>Festzeltvermietung &#187; Festhalle Bayernland\u00ae - Bayrisch, z\u00fcnftig und modern - das Festzelt seit 1971<\/title>\n<meta name=\"description\" content=\"Festzeltvermietung &#187; Jetzt Tisch reservieren! &#187; Regionale Speisen \u2714 Tolle Stimmung \u2714 Wo nette Leute zu Freunden werden!\" \/>\n<meta name=\"robots\" content=\"index, follow, max-snippet:-1, max-image-preview:large, max-video-preview:-1\" \/>\n<link rel=\"canonical\" href=\"https:\/\/festhalle-bayernland.de\/en\/marquee-rental\/\" \/>\n<meta property=\"og:locale\" content=\"en_US\" \/>\n<meta property=\"og:type\" content=\"article\" \/>\n<meta property=\"og:title\" content=\"Festzeltvermietung &#187; Festhalle Bayernland\u00ae - Bayrisch, z\u00fcnftig und modern - das Festzelt seit 1971\" \/>\n<meta property=\"og:description\" content=\"Festzeltvermietung &#187; Jetzt Tisch reservieren! &#187; Regionale Speisen \u2714 Tolle Stimmung \u2714 Wo nette Leute zu Freunden werden!\" \/>\n<meta property=\"og:url\" content=\"https:\/\/festhalle-bayernland.de\/en\/marquee-rental\/\" \/>\n<meta property=\"og:site_name\" content=\"Festhalle Bayernland\u00ae - Bayrisch, z\u00fcnftig und modern - das Festzelt seit 1971\" \/>\n<meta property=\"article:publisher\" content=\"https:\/\/www.facebook.com\/Festhalle.Bayernland\/\" \/>\n<meta property=\"article:modified_time\" content=\"2025-04-11T17:13:05+00:00\" \/>\n<meta property=\"og:image\" content=\"https:\/\/festhalle-bayernland.de\/wp-content\/uploads\/2025\/01\/Festhalle-Bayernland-Logo-Gold.png\" \/>\n\t<meta property=\"og:image:width\" content=\"1587\" \/>\n\t<meta property=\"og:image:height\" content=\"1020\" \/>\n\t<meta property=\"og:image:type\" content=\"image\/png\" \/>\n<meta name=\"twitter:card\" content=\"summary_large_image\" \/>\n<meta name=\"twitter:label1\" content=\"Est. reading time\" \/>\n\t<meta name=\"twitter:data1\" content=\"1 minute\" \/>\n<script type=\"application\/ld+json\" class=\"yoast-schema-graph\">{\"@context\":\"https:\/\/schema.org\",\"@graph\":[{\"@type\":\"WebPage\",\"@id\":\"https:\/\/festhalle-bayernland.de\/festzeltvermietung\/\",\"url\":\"https:\/\/festhalle-bayernland.de\/festzeltvermietung\/\",\"name\":\"Festzeltvermietung &#187; Festhalle Bayernland\u00ae - Bayrisch, z\u00fcnftig und modern - das Festzelt seit 1971\",\"isPartOf\":{\"@id\":\"https:\/\/festhalle-bayernland.de\/#website\"},\"datePublished\":\"2025-01-27T15:34:40+00:00\",\"dateModified\":\"2025-04-11T17:13:05+00:00\",\"description\":\"Festzeltvermietung &#187; Jetzt Tisch reservieren! &#187; Regionale Speisen \u2714 Tolle Stimmung \u2714 Wo nette Leute zu Freunden werden!\",\"breadcrumb\":{\"@id\":\"https:\/\/festhalle-bayernland.de\/festzeltvermietung\/#breadcrumb\"},\"inLanguage\":\"en-US\",\"potentialAction\":[{\"@type\":\"ReadAction\",\"target\":[\"https:\/\/festhalle-bayernland.de\/festzeltvermietung\/\"]}]},{\"@type\":\"BreadcrumbList\",\"@id\":\"https:\/\/festhalle-bayernland.de\/festzeltvermietung\/#breadcrumb\",\"itemListElement\":[{\"@type\":\"ListItem\",\"position\":1,\"name\":\"Startseite\",\"item\":\"https:\/\/festhalle-bayernland.de\/\"},{\"@type\":\"ListItem\",\"position\":2,\"name\":\"Festzeltvermietung\"}]},{\"@type\":\"WebSite\",\"@id\":\"https:\/\/festhalle-bayernland.de\/#website\",\"url\":\"https:\/\/festhalle-bayernland.de\/\",\"name\":\"Festhalle Bayernland \u00ae\",\"description\":\"... wo nette Leute zu Freunden werden.\",\"publisher\":{\"@id\":\"https:\/\/festhalle-bayernland.de\/#organization\"},\"potentialAction\":[{\"@type\":\"SearchAction\",\"target\":{\"@type\":\"EntryPoint\",\"urlTemplate\":\"https:\/\/festhalle-bayernland.de\/?s={search_term_string}\"},\"query-input\":{\"@type\":\"PropertyValueSpecification\",\"valueRequired\":true,\"valueName\":\"search_term_string\"}}],\"inLanguage\":\"en-US\"},{\"@type\":\"Organization\",\"@id\":\"https:\/\/festhalle-bayernland.de\/#organization\",\"name\":\"Festhalle Bayernland \u00ae\",\"url\":\"https:\/\/festhalle-bayernland.de\/\",\"logo\":{\"@type\":\"ImageObject\",\"inLanguage\":\"en-US\",\"@id\":\"https:\/\/festhalle-bayernland.de\/#\/schema\/logo\/image\/\",\"url\":\"https:\/\/festhalle-bayernland.de\/wp-content\/uploads\/2025\/01\/Festhalle-Bayernland-Logo-Gold.png\",\"contentUrl\":\"https:\/\/festhalle-bayernland.de\/wp-content\/uploads\/2025\/01\/Festhalle-Bayernland-Logo-Gold.png\",\"width\":1587,\"height\":1020,\"caption\":\"Festhalle Bayernland \u00ae\"},\"image\":{\"@id\":\"https:\/\/festhalle-bayernland.de\/#\/schema\/logo\/image\/\"},\"sameAs\":[\"https:\/\/www.facebook.com\/Festhalle.Bayernland\/\",\"https:\/\/www.instagram.com\/festhalle_bayernland\/\"]}]}<\/script>\n<!-- \/ Yoast SEO plugin. -->","yoast_head_json":{"title":"Marquee hire \" Festhalle Bayernland\u00ae - Bavarian, hearty and modern - the marquee since 1971","description":"Marquee hire \" Book your table now! \" Regional dishes \u2714 Great atmosphere \u2714 Where nice people become friends!","robots":{"index":"index","follow":"follow","max-snippet":"max-snippet:-1","max-image-preview":"max-image-preview:large","max-video-preview":"max-video-preview:-1"},"canonical":"https:\/\/festhalle-bayernland.de\/en\/marquee-rental\/","og_locale":"en_US","og_type":"article","og_title":"Festzeltvermietung &#187; Festhalle Bayernland\u00ae - Bayrisch, z\u00fcnftig und modern - das Festzelt seit 1971","og_description":"Festzeltvermietung &#187; Jetzt Tisch reservieren! &#187; Regionale Speisen \u2714 Tolle Stimmung \u2714 Wo nette Leute zu Freunden werden!","og_url":"https:\/\/festhalle-bayernland.de\/en\/marquee-rental\/","og_site_name":"Festhalle Bayernland\u00ae - Bayrisch, z\u00fcnftig und modern - das Festzelt seit 1971","article_publisher":"https:\/\/www.facebook.com\/Festhalle.Bayernland\/","article_modified_time":"2025-04-11T17:13:05+00:00","og_image":[{"width":1587,"height":1020,"url":"https:\/\/festhalle-bayernland.de\/wp-content\/uploads\/2025\/01\/Festhalle-Bayernland-Logo-Gold.png","type":"image\/png"}],"twitter_card":"summary_large_image","twitter_misc":{"Est. reading time":"1 minute"},"schema":{"@context":"https:\/\/schema.org","@graph":[{"@type":"WebPage","@id":"https:\/\/festhalle-bayernland.de\/festzeltvermietung\/","url":"https:\/\/festhalle-bayernland.de\/festzeltvermietung\/","name":"Marquee hire \" Festhalle Bayernland\u00ae - Bavarian, hearty and modern - the marquee since 1971","isPartOf":{"@id":"https:\/\/festhalle-bayernland.de\/#website"},"datePublished":"2025-01-27T15:34:40+00:00","dateModified":"2025-04-11T17:13:05+00:00","description":"Marquee hire \" Book your table now! \" Regional dishes \u2714 Great atmosphere \u2714 Where nice people become friends!","breadcrumb":{"@id":"https:\/\/festhalle-bayernland.de\/festzeltvermietung\/#breadcrumb"},"inLanguage":"en-US","potentialAction":[{"@type":"ReadAction","target":["https:\/\/festhalle-bayernland.de\/festzeltvermietung\/"]}]},{"@type":"BreadcrumbList","@id":"https:\/\/festhalle-bayernland.de\/festzeltvermietung\/#breadcrumb","itemListElement":[{"@type":"ListItem","position":1,"name":"Startseite","item":"https:\/\/festhalle-bayernland.de\/"},{"@type":"ListItem","position":2,"name":"Festzeltvermietung"}]},{"@type":"WebSite","@id":"https:\/\/festhalle-bayernland.de\/#website","url":"https:\/\/festhalle-bayernland.de\/","name":"Festhalle Bayernland \u00ae","description":"... wo nette Leute zu Freunden werden.","publisher":{"@id":"https:\/\/festhalle-bayernland.de\/#organization"},"potentialAction":[{"@type":"SearchAction","target":{"@type":"EntryPoint","urlTemplate":"https:\/\/festhalle-bayernland.de\/?s={search_term_string}"},"query-input":{"@type":"PropertyValueSpecification","valueRequired":true,"valueName":"search_term_string"}}],"inLanguage":"en-US"},{"@type":"Organization","@id":"https:\/\/festhalle-bayernland.de\/#organization","name":"Festhalle Bayernland \u00ae","url":"https:\/\/festhalle-bayernland.de\/","logo":{"@type":"ImageObject","inLanguage":"en-US","@id":"https:\/\/festhalle-bayernland.de\/#\/schema\/logo\/image\/","url":"https:\/\/festhalle-bayernland.de\/wp-content\/uploads\/2025\/01\/Festhalle-Bayernland-Logo-Gold.png","contentUrl":"https:\/\/festhalle-bayernland.de\/wp-content\/uploads\/2025\/01\/Festhalle-Bayernland-Logo-Gold.png","width":1587,"height":1020,"caption":"Festhalle Bayernland \u00ae"},"image":{"@id":"https:\/\/festhalle-bayernland.de\/#\/schema\/logo\/image\/"},"sameAs":["https:\/\/www.facebook.com\/Festhalle.Bayernland\/","https:\/\/www.instagram.com\/festhalle_bayernland\/"]}]}},"_links":{"self":[{"href":"https:\/\/festhalle-bayernland.de\/en\/wp-json\/wp\/v2\/pages\/514","targetHints":{"allow":["GET"]}}],"collection":[{"href":"https:\/\/festhalle-bayernland.de\/en\/wp-json\/wp\/v2\/pages"}],"about":[{"href":"https:\/\/festhalle-bayernland.de\/en\/wp-json\/wp\/v2\/types\/page"}],"author":[{"embeddable":true,"href":"https:\/\/festhalle-bayernland.de\/en\/wp-json\/wp\/v2\/users\/2"}],"replies":[{"embeddable":true,"href":"https:\/\/festhalle-bayernland.de\/en\/wp-json\/wp\/v2\/comments?post=514"}],"version-history":[{"count":10,"href":"https:\/\/festhalle-bayernland.de\/en\/wp-json\/wp\/v2\/pages\/514\/revisions"}],"predecessor-version":[{"id":1691,"href":"https:\/\/festhalle-bayernland.de\/en\/wp-json\/wp\/v2\/pages\/514\/revisions\/1691"}],"wp:attachment":[{"href":"https:\/\/festhalle-bayernland.de\/en\/wp-json\/wp\/v2\/media?parent=514"}],"curies":[{"name":"wp","href":"https:\/\/api.w.org\/{rel}","templated":true}]}}