{"id":500,"date":"2025-01-27T15:59:56","date_gmt":"2025-01-27T14:59:56","guid":{"rendered":"https:\/\/festhalle-bayernland-wp.wedeon.it\/?page_id=500"},"modified":"2025-11-21T10:45:12","modified_gmt":"2025-11-21T09:45:12","slug":"jobs","status":"publish","type":"page","link":"https:\/\/festhalle-bayernland.de\/en\/jobs\/","title":{"rendered":"Jobs"},"content":{"rendered":"<h1>Stellenanzeigen<\/h1>\n<h2>Wir suchen Sie!<br \/>\n<\/h2>\n<div>Tradition leben, Stimmung schaffen \u2013 kommen Sie ins Team der Festhalle Bayernland!<\/div>\n<p><p>\n        <a href=\"#stellen\">Zu den offenen Stellen<\/a>\n    <\/p>\n<\/p>\n<ul>\n<li>\n<div><strong>Famili\u00e4r \u2014 <\/strong>Bei uns sind Sie nicht nur ein Mitarbeiter, sondern Teil der gro\u00dfen Festhalle-Bayernland-Familie. Ein respektvoller und herzlicher Umgang pr\u00e4gt unser Miteinander \u2013 ob auf dem Festzeltboden oder hinter den Kulissen.<\/div>\n<\/li>\n<li>\n<div><strong>Zusammenhalt \u2014 <\/strong> Teamgeist wird bei uns gro\u00dfgeschrieben! Gemeinsam packen wir an, unterst\u00fctzen uns gegenseitig und sorgen daf\u00fcr, dass jeder Tag auf den Volksfesten zu einem unvergesslichen Erlebnis wird \u2013 f\u00fcr unsere G\u00e4ste und f\u00fcr uns selbst.\n<\/div>\n<\/li>\n<li>\n<div><strong>Leidenschaftlich \u2014 <\/strong> Wir lieben, was wir tun! Mit Herzblut, Engagement und Begeisterung machen wir jedes Fest zu einem unvergesslichen Erlebnis. Ihre Energie und Motivation sind der Schl\u00fcssel zum geineinsamen Erfolg.\n<\/div>\n<\/li>\n<li>\n<div><strong>Herzlich \u2014 <\/strong> Bei uns wird Gastfreundschaft gelebt \u2013 mit einem L\u00e4cheln, einem offenen Ohr und einer echten Willkommenskultur. Unser Team sorgt daf\u00fcr, dass sich jeder wohlf\u00fchlt \u2013 ob Gast oder Kollege.<\/div>\n<\/li>\n<\/ul>\n<h2>Werden Sie Teil der Festhalle Bayernland und erleben Sie Kollegialit\u00e4t, Teamgeist und unvergessliche Momente hautnah!<\/h2>\n<h2>Offene Stellen<\/h2>\n<ul>\n<li>\n<h3>Schankkellner (m\/w\/d)<\/h3>\n<div>Als Schankkellner in der Festhalle Bayernland sorgen Sie f\u00fcr eine perfekt eingeschenkte Ma\u00df und beste Stimmung.<\/div>\n<p><a href=\"https:\/\/form.jotform.com\/223433790661053\">Jetzt bewerben<\/a><\/p>\n<\/li>\n<li>\n<h3>Beik\u00f6che (m\/w\/d)<\/h3>\n<div>Als Beikoch in der Festhalle Bayernland unterst\u00fctzen Sie unser K\u00fcchenteam bei der Zubereitung bayerischer Schmankerl.<\/div>\n<p><a href=\"https:\/\/form.jotform.com\/223433790661053\">Jetzt bewerben<\/a><\/p>\n<\/li>\n<li>\n<h3>K\u00f6che (m\/w\/d)<\/h3>\n<div>Als Koch in der Festhalle Bayernland zaubern Sie bayerische Schmankerl f\u00fcr tausende G\u00e4ste.<\/div>\n<p><a href=\"https:\/\/form.jotform.com\/223433790661053\">Jetzt bewerben<\/a><\/p>\n<\/li>\n<li>\n<h3>Auf- und Abbaupersonal (m\/w\/d)<\/h3>\n<div>Als Teil unseres Auf- und Abbauteams sorgen Sie daf\u00fcr, dass die Festhalle Bayernland p\u00fcnktlich steht und am Ende wieder sicher abgebaut wird.<\/div>\n<p><a href=\"https:\/\/form.jotform.com\/223433790661053\">Jetzt bewerben<\/a><\/p>\n<\/li>\n<li>\n<h3>Theken- und Brezenverkauf (m\/w\/d)<\/h3>\n<div>Ob an der Theke oder beim Brezenverkauf: Mit Ihrem Einsatz sorgen Sie f\u00fcr gl\u00fcckliche G\u00e4ste und echte Volksfest-Atmosph\u00e4re.<\/div>\n<p><a href=\"https:\/\/form.jotform.com\/223433790661053\">Jetzt bewerben<\/a><\/p>\n<\/li>\n<\/ul>\n<h2>Kommen Sie in unser Team!<\/h2>\n<div>\n<h3>Bewerbung als Servicekraft<\/h3>\n<div>\n<p>Bitte nutzen Sie f\u00fcr die Bewerbung als Servicekraft bzw. Bedienung ausschlie\u00dflich folgendes Kontaktformular.<\/p>\n<\/div>\n<p><a href=\"https:\/\/form.jotform.com\/223433790661053\">Bewerbung als Servicekraft<\/a><\/p>\n<\/div>\n<div>\n<h3>Initiativbewerbung einreichen<\/h3>\n<div>\n<p>Sie m\u00f6chten Teil unseres Teams werden? Bewerben Sie sich initiativ! Wir freuen uns auf motivierte und engagierte Unterst\u00fctzung im Festzeltbetrieb!<\/p>\n<\/div>\n<p><a href=\"https:\/\/form.jotform.com\/223433790661053\">Jetzt bewerben<\/a><\/p>\n<\/div>\n<p><!--more--><br \/>\n<!-- {\"type\":\"layout\",\"children\":[{\"name\":\"About\",\"type\":\"section\",\"props\":{\"image_position\":\"center-center\",\"image_size\":\"cover\",\"padding\":\"large\",\"style\":\"default\",\"title_breakpoint\":\"xl\",\"title_position\":\"top-left\",\"title_rotation\":\"left\",\"vertical_align\":\"\",\"width\":\"default\"},\"children\":[{\"type\":\"row\",\"children\":[{\"type\":\"column\",\"props\":{\"image_position\":\"center-center\",\"position_sticky_breakpoint\":\"m\",\"width_medium\":\"1-1\"},\"children\":[{\"type\":\"headline\",\"props\":{\"content\":\"Stellenanzeigen\",\"margin\":\"xlarge\",\"text_align\":\"center\",\"title_element\":\"h1\",\"title_font_family\":\"secondary\",\"title_style\":\"heading-large\"}}]}]},{\"type\":\"row\",\"props\":{\"column_gap\":\"large\",\"divider\":true,\"layout\":\"1-3,2-3\",\"row_gap\":\"large\"},\"children\":[{\"type\":\"column\",\"props\":{\"image_position\":\"center-center\",\"position_sticky_breakpoint\":\"m\",\"width_large\":\"1-3\"},\"children\":[{\"type\":\"headline\",\"props\":{\"content\":\"Wir suchen Sie!\\n\",\"text_align\":\"left\",\"title_element\":\"h2\",\"title_style\":\"h1\"}},{\"type\":\"text\",\"props\":{\"column_breakpoint\":\"m\",\"content\":\"Tradition leben, Stimmung schaffen \\u2013 kommen Sie ins Team der Festhalle Bayernland!\",\"dropcap\":false,\"margin\":\"default\",\"text_style\":\"lead\"}},{\"type\":\"button\",\"props\":{\"grid_column_gap\":\"small\",\"grid_row_gap\":\"small\",\"margin\":\"default\"},\"children\":[{\"type\":\"button_item\",\"props\":{\"button_style\":\"primary\",\"content\":\"Zu den offenen Stellen\",\"dialog_layout\":\"modal\",\"dialog_offcanvas_flip\":true,\"icon_align\":\"left\",\"link\":\"#stellen\"}}]}]},{\"type\":\"column\",\"props\":{\"image_position\":\"center-center\",\"position_sticky_breakpoint\":\"m\",\"width_large\":\"2-3\"},\"children\":[{\"type\":\"list\",\"props\":{\"column_breakpoint\":\"m\",\"image_align\":\"left\",\"image_svg_color\":\"emphasis\",\"image_vertical_align\":true,\"list_element\":\"ul\",\"list_horizontal_separator\":\", \",\"list_size\":\"large\",\"list_type\":\"vertical\",\"margin\":\"default\",\"show_image\":true,\"show_link\":true},\"children\":[{\"type\":\"list_item\",\"props\":{\"content\":\"<strong>Famili\\u00e4r \\u2014 <\\\/strong>Bei uns sind Sie nicht nur ein Mitarbeiter, sondern Teil der gro\\u00dfen Festhalle-Bayernland-Familie. Ein respektvoller und herzlicher Umgang pr\\u00e4gt unser Miteinander \\u2013 ob auf dem Festzeltboden oder hinter den Kulissen.\"}},{\"type\":\"list_item\",\"props\":{\"content\":\"<strong>Zusammenhalt \\u2014 <\\\/strong> Teamgeist wird bei uns gro\\u00dfgeschrieben! Gemeinsam packen wir an, unterst\\u00fctzen uns gegenseitig und sorgen daf\\u00fcr, dass jeder Tag auf den Volksfesten zu einem unvergesslichen Erlebnis wird \\u2013 f\\u00fcr unsere G\\u00e4ste und f\\u00fcr uns selbst.\\n\"}},{\"type\":\"list_item\",\"props\":{\"content\":\"<strong>Leidenschaftlich \\u2014 <\\\/strong> Wir lieben, was wir tun! Mit Herzblut, Engagement und Begeisterung machen wir jedes Fest zu einem unvergesslichen Erlebnis. Ihre Energie und Motivation sind der Schl\\u00fcssel zum geineinsamen Erfolg.\\n\"}},{\"type\":\"list_item\",\"props\":{\"content\":\"<strong>Herzlich \\u2014 <\\\/strong> Bei uns wird Gastfreundschaft gelebt \\u2013 mit einem L\\u00e4cheln, einem offenen Ohr und einer echten Willkommenskultur. Unser Team sorgt daf\\u00fcr, dass sich jeder wohlf\\u00fchlt \\u2013 ob Gast oder Kollege.\"}}]}]}]}]},{\"name\":\"Testimonial\",\"type\":\"section\",\"props\":{\"css\":\".el-section {\\n    border-bottom: solid 5px #c0a551;\\n    border-top: solid 5px #c0a551;\\n    text-shadow: 3px 3px 10px #000;\\n}\\n\",\"image\":\"wp-content\\\/uploads\\\/2025\\\/02\\\/DSC_0533-135-23-FotoMayer-scaled.jpg\",\"image_effect\":\"fixed\",\"image_loading\":true,\"image_position\":\"center-center\",\"image_size\":\"cover\",\"image_width\":\"2560\",\"media_background\":\"#fff\",\"media_overlay\":\"rgba(0,0,0,0)\",\"padding\":\"large\",\"style\":\"secondary\",\"title_breakpoint\":\"xl\",\"title_position\":\"top-left\",\"title_rotation\":\"left\",\"vertical_align\":\"\",\"width\":\"default\"},\"children\":[{\"type\":\"row\",\"children\":[{\"type\":\"column\",\"props\":{\"image_position\":\"center-center\",\"position_sticky_breakpoint\":\"m\",\"width_medium\":\"1-1\"},\"children\":[{\"type\":\"headline\",\"props\":{\"content\":\"Werden Sie Teil der Festhalle Bayernland und erleben Sie Kollegialit\\u00e4t, Teamgeist und unvergessliche Momente hautnah!\",\"maxwidth\":\"large\",\"text_align\":\"left\",\"title_element\":\"h2\"}}]}]}]},{\"name\":\"Jobs\",\"type\":\"section\",\"props\":{\"id\":\"stellen\",\"image_position\":\"center-center\",\"image_size\":\"cover\",\"padding\":\"large\",\"padding_remove_top\":false,\"style\":\"default\",\"title_breakpoint\":\"xl\",\"title_position\":\"top-left\",\"title_rotation\":\"left\",\"vertical_align\":\"\",\"width\":\"default\"},\"children\":[{\"type\":\"row\",\"children\":[{\"type\":\"column\",\"props\":{\"image_position\":\"center-center\",\"position_sticky_breakpoint\":\"m\",\"width_medium\":\"1-1\"},\"children\":[{\"type\":\"headline\",\"props\":{\"content\":\"Offene Stellen\",\"text_align\":\"center\",\"title_element\":\"h2\",\"title_style\":\"h1\"}},{\"type\":\"grid\",\"props\":{\"content_column_breakpoint\":\"m\",\"filter_align\":\"left\",\"filter_all\":true,\"filter_grid_breakpoint\":\"m\",\"filter_grid_width\":\"auto\",\"filter_position\":\"top\",\"filter_style\":\"tab\",\"grid_column_gap\":\"large\",\"grid_default\":\"1\",\"grid_medium\":\"3\",\"grid_row_gap\":\"large\",\"icon_width\":80,\"image_align\":\"top\",\"image_grid_breakpoint\":\"m\",\"image_grid_width\":\"1-2\",\"image_svg_color\":\"emphasis\",\"item_animation\":true,\"lightbox_bg_close\":true,\"link_style\":\"text\",\"link_target\":true,\"link_text\":\"Read more\",\"margin\":\"medium\",\"meta_align\":\"below-title\",\"meta_element\":\"div\",\"meta_style\":\"text-meta\",\"panel_expand\":\"content\",\"panel_padding\":\"default\",\"panel_style\":\"card-default\",\"parallax_easing\":\"1\",\"show_content\":true,\"show_hover_image\":true,\"show_hover_video\":true,\"show_image\":true,\"show_link\":true,\"show_meta\":true,\"show_title\":true,\"show_video\":true,\"title_align\":\"top\",\"title_element\":\"h3\",\"title_grid_breakpoint\":\"m\",\"title_grid_width\":\"1-2\",\"title_hover_style\":\"reset\"},\"children\":[{\"type\":\"grid_item\",\"props\":{\"content\":\"Als Schankkellner in der Festhalle Bayernland sorgen Sie f\\u00fcr eine perfekt eingeschenkte Ma\\u00df und beste Stimmung.\",\"item_element\":\"article\",\"link\":\"https:\\\/\\\/form.jotform.com\\\/223433790661053\",\"link_text\":\"Jetzt bewerben\",\"title\":\"Schankkellner (m\\\/w\\\/d)\"}},{\"type\":\"grid_item\",\"props\":{\"content\":\"Als Beikoch in der Festhalle Bayernland unterst\\u00fctzen Sie unser K\\u00fcchenteam bei der Zubereitung bayerischer Schmankerl.\",\"item_element\":\"article\",\"link\":\"https:\\\/\\\/form.jotform.com\\\/223433790661053\",\"link_text\":\"Jetzt bewerben\",\"title\":\"Beik\\u00f6che (m\\\/w\\\/d)\"}},{\"type\":\"grid_item\",\"props\":{\"content\":\"Als Koch in der Festhalle Bayernland zaubern Sie bayerische Schmankerl f\\u00fcr tausende G\\u00e4ste.\",\"item_element\":\"article\",\"link\":\"https:\\\/\\\/form.jotform.com\\\/223433790661053\",\"link_text\":\"Jetzt bewerben\",\"title\":\"K\\u00f6che (m\\\/w\\\/d)\"}},{\"type\":\"grid_item\",\"props\":{\"content\":\"Als Teil unseres Auf- und Abbauteams sorgen Sie daf\\u00fcr, dass die Festhalle Bayernland p\\u00fcnktlich steht und am Ende wieder sicher abgebaut wird.\",\"item_element\":\"article\",\"link\":\"https:\\\/\\\/form.jotform.com\\\/223433790661053\",\"link_text\":\"Jetzt bewerben\",\"title\":\"Auf- und Abbaupersonal (m\\\/w\\\/d)\"}},{\"type\":\"grid_item\",\"props\":{\"content\":\"Ob an der Theke oder beim Brezenverkauf: Mit Ihrem Einsatz sorgen Sie f\\u00fcr gl\\u00fcckliche G\\u00e4ste und echte Volksfest-Atmosph\\u00e4re.\",\"item_element\":\"article\",\"link\":\"https:\\\/\\\/form.jotform.com\\\/223433790661053\",\"link_text\":\"Jetzt bewerben\",\"title\":\"Theken- und Brezenverkauf (m\\\/w\\\/d)\"}}]}]}]}]},{\"name\":\"Office\",\"type\":\"section\",\"props\":{\"image_position\":\"center-center\",\"image_size\":\"cover\",\"padding\":\"large\",\"padding_remove_top\":true,\"style\":\"default\",\"title_breakpoint\":\"xl\",\"title_position\":\"top-left\",\"title_rotation\":\"left\",\"vertical_align\":\"\",\"width\":\"default\"},\"children\":[{\"type\":\"row\",\"children\":[{\"type\":\"column\",\"props\":{\"image_position\":\"center-center\",\"position_sticky_breakpoint\":\"m\",\"width_medium\":\"1-1\"},\"children\":[{\"type\":\"headline\",\"props\":{\"content\":\"Kommen Sie in unser Team!\",\"text_align\":\"center\",\"title_element\":\"h2\",\"title_font_family\":\"secondary\",\"title_style\":\"heading-large\"}}]}]}]},{\"name\":\"Call to Action\",\"type\":\"section\",\"props\":{\"css\":\".el-section {\\n    border-top: solid 5px #c0a551;\\n}\",\"image_position\":\"center-center\",\"image_size\":\"cover\",\"padding\":\"none\",\"preserve_color\":true,\"style\":\"secondary\",\"title_breakpoint\":\"xl\",\"title_position\":\"top-left\",\"title_rotation\":\"left\",\"vertical_align\":\"\",\"width\":\"\"},\"children\":[{\"type\":\"row\",\"props\":{\"column_gap\":\"collapse\",\"layout\":\"1-2,1-2\",\"row_gap\":\"collapse\"},\"children\":[{\"type\":\"column\",\"props\":{\"image_position\":\"center-center\",\"position_sticky_breakpoint\":\"m\",\"style\":\"tile-primary\",\"width_medium\":\"1-2\"},\"children\":[{\"type\":\"panel\",\"props\":{\"content\":\"\n\n<p>Bitte nutzen Sie f\\u00fcr die Bewerbung als Servicekraft bzw. Bedienung ausschlie\\u00dflich folgendes Kontaktformular.<\\\/p>\",\"content_column_breakpoint\":\"m\",\"icon_width\":80,\"image_align\":\"top\",\"image_grid_breakpoint\":\"m\",\"image_grid_width\":\"1-2\",\"image_svg_color\":\"emphasis\",\"link\":\"https:\\\/\\\/form.jotform.com\\\/223433790661053\",\"link_style\":\"default\",\"link_target\":true,\"link_text\":\"Bewerbung als Servicekraft\",\"margin\":\"default\",\"meta_align\":\"below-title\",\"meta_element\":\"div\",\"meta_style\":\"text-meta\",\"text_align\":\"center\",\"title\":\"Bewerbung als Servicekraft\",\"title_align\":\"top\",\"title_element\":\"h3\",\"title_grid_breakpoint\":\"m\",\"title_grid_width\":\"1-2\",\"title_hover_style\":\"reset\"}}]},{\"type\":\"column\",\"props\":{\"image_position\":\"center-center\",\"position_sticky_breakpoint\":\"m\",\"style\":\"tile-secondary\",\"width_medium\":\"1-2\"},\"children\":[{\"type\":\"panel\",\"props\":{\"content\":\"\n\n<p>Sie m\\u00f6chten Teil unseres Teams werden? Bewerben Sie sich initiativ! Wir freuen uns auf motivierte und engagierte Unterst\\u00fctzung im Festzeltbetrieb!<\\\/p>\",\"content_column_breakpoint\":\"m\",\"icon_width\":80,\"image_align\":\"top\",\"image_grid_breakpoint\":\"m\",\"image_grid_width\":\"1-2\",\"image_svg_color\":\"emphasis\",\"link\":\"https:\\\/\\\/form.jotform.com\\\/223433790661053\",\"link_style\":\"default\",\"link_text\":\"Jetzt bewerben\",\"margin\":\"default\",\"meta_align\":\"below-title\",\"meta_element\":\"div\",\"meta_style\":\"text-meta\",\"text_align\":\"center\",\"title\":\"Initiativbewerbung einreichen\",\"title_align\":\"top\",\"title_element\":\"h3\",\"title_grid_breakpoint\":\"m\",\"title_grid_width\":\"1-2\",\"title_hover_style\":\"reset\"}}]}]}]}],\"version\":\"4.5.31\",\"yooessentialsVersion\":\"2.4.10\"} --><\/p>\n","protected":false},"excerpt":{"rendered":"<p>Stellenanzeigen Wir suchen Sie! Tradition leben, Stimmung schaffen \u2013 kommen Sie ins Team der Festhalle Bayernland! Zu den offenen Stellen Famili\u00e4r \u2014 Bei uns sind Sie nicht nur ein Mitarbeiter, sondern Teil der gro\u00dfen Festhalle-Bayernland-Familie. Ein respektvoller und herzlicher Umgang pr\u00e4gt unser Miteinander \u2013 ob auf dem Festzeltboden oder hinter den Kulissen. Zusammenhalt \u2014 Teamgeist [&hellip;]<\/p>\n","protected":false},"author":2,"featured_media":0,"parent":0,"menu_order":0,"comment_status":"closed","ping_status":"closed","template":"","meta":{"footnotes":""},"class_list":["post-500","page","type-page","status-publish","hentry"],"yoast_head":"<!-- This site is optimized with the Yoast SEO plugin v27.2 - https:\/\/yoast.com\/product\/yoast-seo-wordpress\/ -->\n<title>Jobs &#187; Festhalle Bayernland\u00ae - Bayrisch, z\u00fcnftig und modern - das Festzelt seit 1971<\/title>\n<meta name=\"description\" content=\"Jobs &#187; Jetzt Tisch reservieren! &#187; Regionale Speisen \u2714 Tolle Stimmung \u2714 Wo nette Leute zu Freunden werden!\" \/>\n<meta name=\"robots\" content=\"index, follow, max-snippet:-1, max-image-preview:large, max-video-preview:-1\" \/>\n<link rel=\"canonical\" href=\"https:\/\/festhalle-bayernland.de\/en\/jobs\/\" \/>\n<meta property=\"og:locale\" content=\"en_US\" \/>\n<meta property=\"og:type\" content=\"article\" \/>\n<meta property=\"og:title\" content=\"Jobs &#187; Festhalle Bayernland\u00ae - Bayrisch, z\u00fcnftig und modern - das Festzelt seit 1971\" \/>\n<meta property=\"og:description\" content=\"Jobs &#187; Jetzt Tisch reservieren! &#187; Regionale Speisen \u2714 Tolle Stimmung \u2714 Wo nette Leute zu Freunden werden!\" \/>\n<meta property=\"og:url\" content=\"https:\/\/festhalle-bayernland.de\/en\/jobs\/\" \/>\n<meta property=\"og:site_name\" content=\"Festhalle Bayernland\u00ae - Bayrisch, z\u00fcnftig und modern - das Festzelt seit 1971\" \/>\n<meta property=\"article:publisher\" content=\"https:\/\/www.facebook.com\/Festhalle.Bayernland\/\" \/>\n<meta property=\"article:modified_time\" content=\"2025-11-21T09:45:12+00:00\" \/>\n<meta property=\"og:image\" content=\"https:\/\/festhalle-bayernland.de\/wp-content\/uploads\/2025\/01\/Festhalle-Bayernland-Logo-Gold.png\" \/>\n\t<meta property=\"og:image:width\" content=\"1587\" \/>\n\t<meta property=\"og:image:height\" content=\"1020\" \/>\n\t<meta property=\"og:image:type\" content=\"image\/png\" \/>\n<meta name=\"twitter:card\" content=\"summary_large_image\" \/>\n<meta name=\"twitter:label1\" content=\"Est. reading time\" \/>\n\t<meta name=\"twitter:data1\" content=\"2 minutes\" \/>\n<script type=\"application\/ld+json\" class=\"yoast-schema-graph\">{\"@context\":\"https:\/\/schema.org\",\"@graph\":[{\"@type\":\"WebPage\",\"@id\":\"https:\/\/festhalle-bayernland.de\/jobs\/\",\"url\":\"https:\/\/festhalle-bayernland.de\/jobs\/\",\"name\":\"Jobs &#187; Festhalle Bayernland\u00ae - Bayrisch, z\u00fcnftig und modern - das Festzelt seit 1971\",\"isPartOf\":{\"@id\":\"https:\/\/festhalle-bayernland.de\/#website\"},\"datePublished\":\"2025-01-27T14:59:56+00:00\",\"dateModified\":\"2025-11-21T09:45:12+00:00\",\"description\":\"Jobs &#187; Jetzt Tisch reservieren! &#187; Regionale Speisen \u2714 Tolle Stimmung \u2714 Wo nette Leute zu Freunden werden!\",\"breadcrumb\":{\"@id\":\"https:\/\/festhalle-bayernland.de\/jobs\/#breadcrumb\"},\"inLanguage\":\"en-US\",\"potentialAction\":[{\"@type\":\"ReadAction\",\"target\":[\"https:\/\/festhalle-bayernland.de\/jobs\/\"]}]},{\"@type\":\"BreadcrumbList\",\"@id\":\"https:\/\/festhalle-bayernland.de\/jobs\/#breadcrumb\",\"itemListElement\":[{\"@type\":\"ListItem\",\"position\":1,\"name\":\"Startseite\",\"item\":\"https:\/\/festhalle-bayernland.de\/\"},{\"@type\":\"ListItem\",\"position\":2,\"name\":\"Jobs\"}]},{\"@type\":\"WebSite\",\"@id\":\"https:\/\/festhalle-bayernland.de\/#website\",\"url\":\"https:\/\/festhalle-bayernland.de\/\",\"name\":\"Festhalle Bayernland \u00ae\",\"description\":\"... wo nette Leute zu Freunden werden.\",\"publisher\":{\"@id\":\"https:\/\/festhalle-bayernland.de\/#organization\"},\"potentialAction\":[{\"@type\":\"SearchAction\",\"target\":{\"@type\":\"EntryPoint\",\"urlTemplate\":\"https:\/\/festhalle-bayernland.de\/?s={search_term_string}\"},\"query-input\":{\"@type\":\"PropertyValueSpecification\",\"valueRequired\":true,\"valueName\":\"search_term_string\"}}],\"inLanguage\":\"en-US\"},{\"@type\":\"Organization\",\"@id\":\"https:\/\/festhalle-bayernland.de\/#organization\",\"name\":\"Festhalle Bayernland \u00ae\",\"url\":\"https:\/\/festhalle-bayernland.de\/\",\"logo\":{\"@type\":\"ImageObject\",\"inLanguage\":\"en-US\",\"@id\":\"https:\/\/festhalle-bayernland.de\/#\/schema\/logo\/image\/\",\"url\":\"https:\/\/festhalle-bayernland.de\/wp-content\/uploads\/2025\/01\/Festhalle-Bayernland-Logo-Gold.png\",\"contentUrl\":\"https:\/\/festhalle-bayernland.de\/wp-content\/uploads\/2025\/01\/Festhalle-Bayernland-Logo-Gold.png\",\"width\":1587,\"height\":1020,\"caption\":\"Festhalle Bayernland \u00ae\"},\"image\":{\"@id\":\"https:\/\/festhalle-bayernland.de\/#\/schema\/logo\/image\/\"},\"sameAs\":[\"https:\/\/www.facebook.com\/Festhalle.Bayernland\/\",\"https:\/\/www.instagram.com\/festhalle_bayernland\/\"]}]}<\/script>\n<!-- \/ Yoast SEO plugin. -->","yoast_head_json":{"title":"Jobs \" Festhalle Bayernland\u00ae - Bavarian, hearty and modern - the marquee since 1971","description":"Jobs \" Book a table now! \" Regional dishes \u2714 Great atmosphere \u2714 Where nice people become friends!","robots":{"index":"index","follow":"follow","max-snippet":"max-snippet:-1","max-image-preview":"max-image-preview:large","max-video-preview":"max-video-preview:-1"},"canonical":"https:\/\/festhalle-bayernland.de\/en\/jobs\/","og_locale":"en_US","og_type":"article","og_title":"Jobs &#187; Festhalle Bayernland\u00ae - Bayrisch, z\u00fcnftig und modern - das Festzelt seit 1971","og_description":"Jobs &#187; Jetzt Tisch reservieren! &#187; Regionale Speisen \u2714 Tolle Stimmung \u2714 Wo nette Leute zu Freunden werden!","og_url":"https:\/\/festhalle-bayernland.de\/en\/jobs\/","og_site_name":"Festhalle Bayernland\u00ae - Bayrisch, z\u00fcnftig und modern - das Festzelt seit 1971","article_publisher":"https:\/\/www.facebook.com\/Festhalle.Bayernland\/","article_modified_time":"2025-11-21T09:45:12+00:00","og_image":[{"width":1587,"height":1020,"url":"https:\/\/festhalle-bayernland.de\/wp-content\/uploads\/2025\/01\/Festhalle-Bayernland-Logo-Gold.png","type":"image\/png"}],"twitter_card":"summary_large_image","twitter_misc":{"Est. reading time":"2 minutes"},"schema":{"@context":"https:\/\/schema.org","@graph":[{"@type":"WebPage","@id":"https:\/\/festhalle-bayernland.de\/jobs\/","url":"https:\/\/festhalle-bayernland.de\/jobs\/","name":"Jobs \" Festhalle Bayernland\u00ae - Bavarian, hearty and modern - the marquee since 1971","isPartOf":{"@id":"https:\/\/festhalle-bayernland.de\/#website"},"datePublished":"2025-01-27T14:59:56+00:00","dateModified":"2025-11-21T09:45:12+00:00","description":"Jobs \" Book a table now! \" Regional dishes \u2714 Great atmosphere \u2714 Where nice people become friends!","breadcrumb":{"@id":"https:\/\/festhalle-bayernland.de\/jobs\/#breadcrumb"},"inLanguage":"en-US","potentialAction":[{"@type":"ReadAction","target":["https:\/\/festhalle-bayernland.de\/jobs\/"]}]},{"@type":"BreadcrumbList","@id":"https:\/\/festhalle-bayernland.de\/jobs\/#breadcrumb","itemListElement":[{"@type":"ListItem","position":1,"name":"Startseite","item":"https:\/\/festhalle-bayernland.de\/"},{"@type":"ListItem","position":2,"name":"Jobs"}]},{"@type":"WebSite","@id":"https:\/\/festhalle-bayernland.de\/#website","url":"https:\/\/festhalle-bayernland.de\/","name":"Festhalle Bayernland \u00ae","description":"... wo nette Leute zu Freunden werden.","publisher":{"@id":"https:\/\/festhalle-bayernland.de\/#organization"},"potentialAction":[{"@type":"SearchAction","target":{"@type":"EntryPoint","urlTemplate":"https:\/\/festhalle-bayernland.de\/?s={search_term_string}"},"query-input":{"@type":"PropertyValueSpecification","valueRequired":true,"valueName":"search_term_string"}}],"inLanguage":"en-US"},{"@type":"Organization","@id":"https:\/\/festhalle-bayernland.de\/#organization","name":"Festhalle Bayernland \u00ae","url":"https:\/\/festhalle-bayernland.de\/","logo":{"@type":"ImageObject","inLanguage":"en-US","@id":"https:\/\/festhalle-bayernland.de\/#\/schema\/logo\/image\/","url":"https:\/\/festhalle-bayernland.de\/wp-content\/uploads\/2025\/01\/Festhalle-Bayernland-Logo-Gold.png","contentUrl":"https:\/\/festhalle-bayernland.de\/wp-content\/uploads\/2025\/01\/Festhalle-Bayernland-Logo-Gold.png","width":1587,"height":1020,"caption":"Festhalle Bayernland \u00ae"},"image":{"@id":"https:\/\/festhalle-bayernland.de\/#\/schema\/logo\/image\/"},"sameAs":["https:\/\/www.facebook.com\/Festhalle.Bayernland\/","https:\/\/www.instagram.com\/festhalle_bayernland\/"]}]}},"_links":{"self":[{"href":"https:\/\/festhalle-bayernland.de\/en\/wp-json\/wp\/v2\/pages\/500","targetHints":{"allow":["GET"]}}],"collection":[{"href":"https:\/\/festhalle-bayernland.de\/en\/wp-json\/wp\/v2\/pages"}],"about":[{"href":"https:\/\/festhalle-bayernland.de\/en\/wp-json\/wp\/v2\/types\/page"}],"author":[{"embeddable":true,"href":"https:\/\/festhalle-bayernland.de\/en\/wp-json\/wp\/v2\/users\/2"}],"replies":[{"embeddable":true,"href":"https:\/\/festhalle-bayernland.de\/en\/wp-json\/wp\/v2\/comments?post=500"}],"version-history":[{"count":12,"href":"https:\/\/festhalle-bayernland.de\/en\/wp-json\/wp\/v2\/pages\/500\/revisions"}],"predecessor-version":[{"id":2820,"href":"https:\/\/festhalle-bayernland.de\/en\/wp-json\/wp\/v2\/pages\/500\/revisions\/2820"}],"wp:attachment":[{"href":"https:\/\/festhalle-bayernland.de\/en\/wp-json\/wp\/v2\/media?parent=500"}],"curies":[{"name":"wp","href":"https:\/\/api.w.org\/{rel}","templated":true}]}}