{"id":539,"date":"2025-01-28T05:55:20","date_gmt":"2025-01-28T04:55:20","guid":{"rendered":"https:\/\/festhalle-bayernland-wp.wedeon.it\/?page_id=539"},"modified":"2025-03-19T13:45:57","modified_gmt":"2025-03-19T12:45:57","slug":"presse","status":"publish","type":"page","link":"https:\/\/festhalle-bayernland.de\/de\/festzeltvermietung\/presse\/","title":{"rendered":"Presse"},"content":{"rendered":"<h2>Presse<\/h2>\n<div>\n<p>Wir freuen uns sehr mit der lokalen und \u00fcberregionalen Presse zusammenzuarbeiten.<\/p>\n<p>Bitte beachten Sie bei der Verwendung Ihrer Werbung f\u00fcr Ihre Veranstaltung mit der\u00a0Festhalle Bayernland folgendes:<\/p>\n<\/p>\n<p>S\u00e4mtliche\u00a0Werbeformen\u00a0der<span>\u00a0<\/span><strong>Festhalle Bayernland<sup><span>\u00ae<\/span><\/sup>\u00a0<\/strong>wie z.B. Logos, Slogans\u00a0und\/oder Printmaterial\u00a0darf aus rechtlichen Gr\u00fcnden nur wie folgt lauten:\u00a0\u00a0\u00a0\u00a0\u00a0\u00a0\u00a0\u00a0\u00a0\u00a0\u00a0\u00a0\u00a0\u00a0\u00a0\u00a0\u00a0\u00a0\u00a0\u00a0\u00a0\u00a0\u00a0\u00a0\u00a0\u00a0\u00a0\u00a0\u00a0\u00a0\u00a0\u00a0\u00a0\u00a0\u00a0\u00a0\u00a0\u00a0\u00a0\u00a0\u00a0\u00a0\u00a0\u00a0\u00a0\u00a0\u00a0\u00a0\u00a0\u00a0\u00a0<\/p>\n<ul class=\"ut\">\n<li>\n<p>Festhalle Bayernland<sup><span>\u00ae<\/span><\/sup><\/p>\n<\/li>\n<li>\n<p>Die kracherte Nacht der Tracht<\/p>\n<\/li>\n<li>\n<p>Es gibt nix besser\u00b4s\u00a0wia was guat\u00b4s!<\/p>\n<\/li>\n<\/ul>\n<p>Es d\u00fcrfen auch keine Ver\u00e4nderungen an Bildmaterial, Farben und Schriften\u00a0ohne vorherige Absprache, stattfinden.<\/p>\n<p>Falls Sie unsicher sein sollten, k\u00f6nnen Sie uns gerne diesbez\u00fcglich kontaktieren. Ebenso bitten wir um rechtzeitige Terminsetzung f\u00fcr bevorstehende Pressetermine, sowie Pressemitteilungen.<\/p>\n<\/div>\n<h2>Presseartikel<\/h2>\n<ul>\n<li>\n<h2>Erw\u00e4hnung auf bio-partner.de<\/h2>\n<p><a href=\"https:\/\/www.bio-partner.de\/aktuelles\/jenseits-der-mass-fuer-mehr-bio-lebensmittel-auf-dem-oktoberfest.html\">Zum Artikel<\/a><\/p>\n<\/li>\n<li>\n<h2>45j\u00e4hriges Firmenjubil\u00e4um<\/h2>\n<p><a href=\"\/wp-content\/uploads\/2025\/03\/45Jahre_Firmejubilaeum_Festhalle_Bayernland.pdf\">Zum Artikel<\/a><\/p>\n<\/li>\n<li>\n<h2>Bayernland Magazin 01\/2016<\/h2>\n<p><a href=\"\/wp-content\/uploads\/2025\/03\/Bayernland_Magazin_01-2016_Festhalle-Bayenland.pdf\">Zum Artikel<\/a><\/p>\n<\/li>\n<li>\n<h2>Der Komet 07\/2017<\/h2>\n<p><a href=\"\/wp-content\/uploads\/2025\/03\/53_Muenchner_fruehlingsfest_Der_Komet.pdf\">Zum Artikel<\/a><\/p>\n<\/li>\n<\/ul>\n<p><!--more--><br \/>\n<!-- {\"type\":\"layout\",\"children\":[{\"name\":\"Zertifizierungen und Referenzen\",\"type\":\"section\",\"props\":{\"image\":\"wp-content\\\/uploads\\\/2025\\\/01\\\/Fond-GrauMuster1-AdobeStock_297899176-dunkel-scharf1-scaled.jpg\",\"image_position\":\"center-center\",\"image_size\":\"cover\",\"padding\":\"large\",\"padding_remove_top\":false,\"style\":\"default\",\"title_breakpoint\":\"xl\",\"title_position\":\"top-left\",\"title_rotation\":\"left\",\"vertical_align\":\"\",\"width\":\"default\"},\"children\":[{\"type\":\"row\",\"props\":{\"margin\":\"large\"},\"children\":[{\"type\":\"column\",\"props\":{\"image_position\":\"center-center\",\"position_sticky_breakpoint\":\"m\",\"width_medium\":\"1-1\"},\"children\":[{\"type\":\"headline\",\"props\":{\"content\":\"Presse\",\"css\":\".el-element {background: linear-gradient(90deg, #e2d59e, #c0a551);\\n    -webkit-background-clip: text;\\n    -webkit-text-fill-color: transparent;\\n    transition: background 2s ease-in-out;\\n}\\n.el-element:hover {background: linear-gradient(90deg, #c0a551, #e2d59e );\\n    -webkit-background-clip: text;\\n    -webkit-text-fill-color: transparent;\\n    transition: background 2s ease-in-out;\\n}\",\"text_align\":\"center\",\"title_color\":\"muted\",\"title_element\":\"h2\",\"title_font_family\":\"secondary\",\"title_style\":\"heading-xlarge\"}},{\"type\":\"text\",\"props\":{\"column_breakpoint\":\"m\",\"content\":\"\n\n<p>Wir freuen uns sehr mit der lokalen und \\u00fcberregionalen Presse zusammenzuarbeiten.<\\\/p>\\n\n\n<p>Bitte beachten Sie bei der Verwendung Ihrer Werbung f\\u00fcr Ihre Veranstaltung mit der\\u00a0Festhalle Bayernland folgendes:<\\\/p>\\n\n\n<p><\\\/p>\\n\n\n<p>S\\u00e4mtliche\\u00a0Werbeformen\\u00a0der<span>\\u00a0<\\\/span><strong>Festhalle Bayernland<sup><span>\\u00ae<\\\/span><\\\/sup>\\u00a0<\\\/strong>wie z.B. Logos, Slogans\\u00a0und\\\/oder Printmaterial\\u00a0darf aus rechtlichen Gr\\u00fcnden nur wie folgt lauten:\\u00a0\\u00a0\\u00a0\\u00a0\\u00a0\\u00a0\\u00a0\\u00a0\\u00a0\\u00a0\\u00a0\\u00a0\\u00a0\\u00a0\\u00a0\\u00a0\\u00a0\\u00a0\\u00a0\\u00a0\\u00a0\\u00a0\\u00a0\\u00a0\\u00a0\\u00a0\\u00a0\\u00a0\\u00a0\\u00a0\\u00a0\\u00a0\\u00a0\\u00a0\\u00a0\\u00a0\\u00a0\\u00a0\\u00a0\\u00a0\\u00a0\\u00a0\\u00a0\\u00a0\\u00a0\\u00a0\\u00a0\\u00a0\\u00a0\\u00a0\\u00a0<\\\/p>\\n\n\n<ul class=\\\"ut\\\">\\n\n\n<li>\\n\n\n<p>Festhalle Bayernland<sup><span>\\u00ae<\\\/span><\\\/sup><\\\/p>\\n<\\\/li>\\n\n\n<li>\\n\n\n<p>Die kracherte Nacht der Tracht<\\\/p>\\n<\\\/li>\\n\n\n<li>\\n\n\n<p>Es gibt nix besser\\u00b4s\\u00a0wia was guat\\u00b4s!<\\\/p>\\n<\\\/li>\\n<\\\/ul>\\n\n\n<p>Es d\\u00fcrfen auch keine Ver\\u00e4nderungen an Bildmaterial, Farben und Schriften\\u00a0ohne vorherige Absprache, stattfinden.<\\\/p>\\n\n\n<p>Falls Sie unsicher sein sollten, k\\u00f6nnen Sie uns gerne diesbez\\u00fcglich kontaktieren. Ebenso bitten wir um rechtzeitige Terminsetzung f\\u00fcr bevorstehende Pressetermine, sowie Pressemitteilungen.<\\\/p>\",\"margin\":\"default\",\"text_color\":\"muted\",\"text_style\":\"large\"}},{\"type\":\"headline\",\"props\":{\"content\":\"Presseartikel\",\"title_color\":\"muted\",\"title_element\":\"h2\",\"title_style\":\"h1\"}},{\"type\":\"grid\",\"props\":{\"content_column_breakpoint\":\"m\",\"filter_align\":\"left\",\"filter_all\":true,\"filter_grid_breakpoint\":\"m\",\"filter_grid_width\":\"auto\",\"filter_position\":\"top\",\"filter_style\":\"tab\",\"grid_column_gap\":\"medium\",\"grid_default\":\"1\",\"grid_medium\":\"4\",\"grid_row_gap\":\"medium\",\"grid_small\":\"2\",\"icon_width\":80,\"image_align\":\"top\",\"image_grid_breakpoint\":\"m\",\"image_grid_width\":\"1-2\",\"image_link\":true,\"image_svg_color\":\"emphasis\",\"image_width\":\"609\",\"item_animation\":true,\"lightbox_bg_close\":true,\"link_style\":\"default\",\"link_text\":\"\",\"margin\":\"large\",\"meta_align\":\"below-title\",\"meta_element\":\"div\",\"meta_margin\":\"remove\",\"meta_style\":\"\",\"parallax_easing\":\"1\",\"show_content\":true,\"show_hover_image\":true,\"show_hover_video\":true,\"show_image\":false,\"show_link\":true,\"show_meta\":true,\"show_title\":true,\"show_video\":true,\"title_align\":\"top\",\"title_color\":\"muted\",\"title_element\":\"h2\",\"title_grid_breakpoint\":\"m\",\"title_grid_width\":\"1-2\",\"title_hover_style\":\"reset\",\"title_link\":true,\"title_style\":\"h4\"},\"children\":[{\"type\":\"grid_item\",\"props\":{\"link\":\"https:\\\/\\\/www.bio-partner.de\\\/aktuelles\\\/jenseits-der-mass-fuer-mehr-bio-lebensmittel-auf-dem-oktoberfest.html\",\"link_text\":\"Zum Artikel\",\"meta\":\"\",\"title\":\"Erw\\u00e4hnung auf bio-partner.de\"}},{\"type\":\"grid_item\",\"props\":{\"icon\":\"chevron-double-right\",\"image\":\"\",\"link\":\"wp-content\\\/uploads\\\/2025\\\/03\\\/45Jahre_Firmejubilaeum_Festhalle_Bayernland.pdf\",\"link_text\":\"Zum Artikel\",\"meta\":\"\",\"title\":\"45j\\u00e4hriges Firmenjubil\\u00e4um\"}},{\"type\":\"grid_item\",\"props\":{\"icon\":\"chevron-double-right\",\"image\":\"\",\"link\":\"wp-content\\\/uploads\\\/2025\\\/03\\\/Bayernland_Magazin_01-2016_Festhalle-Bayenland.pdf\",\"link_text\":\"Zum Artikel\",\"meta\":\"\",\"title\":\"Bayernland Magazin 01\\\/2016\"}},{\"type\":\"grid_item\",\"props\":{\"icon\":\"chevron-double-right\",\"image\":\"\",\"link\":\"wp-content\\\/uploads\\\/2025\\\/03\\\/53_Muenchner_fruehlingsfest_Der_Komet.pdf\",\"link_text\":\"Zum Artikel\",\"meta\":\"\",\"title\":\"Der Komet 07\\\/2017\"}}]}]}]}]}],\"version\":\"4.4.16\",\"yooessentialsVersion\":\"2.2.26\"} --><\/p>\n","protected":false},"excerpt":{"rendered":"<p>Presse Wir freuen uns sehr mit der lokalen und \u00fcberregionalen Presse zusammenzuarbeiten. Bitte beachten Sie bei der Verwendung Ihrer Werbung f\u00fcr Ihre Veranstaltung mit der\u00a0Festhalle Bayernland folgendes: S\u00e4mtliche\u00a0Werbeformen\u00a0der\u00a0Festhalle Bayernland\u00ae\u00a0wie z.B. Logos, Slogans\u00a0und\/oder Printmaterial\u00a0darf aus rechtlichen Gr\u00fcnden nur wie folgt lauten:\u00a0\u00a0\u00a0\u00a0\u00a0\u00a0\u00a0\u00a0\u00a0\u00a0\u00a0\u00a0\u00a0\u00a0\u00a0\u00a0\u00a0\u00a0\u00a0\u00a0\u00a0\u00a0\u00a0\u00a0\u00a0\u00a0\u00a0\u00a0\u00a0\u00a0\u00a0\u00a0\u00a0\u00a0\u00a0\u00a0\u00a0\u00a0\u00a0\u00a0\u00a0\u00a0\u00a0\u00a0\u00a0\u00a0\u00a0\u00a0\u00a0\u00a0\u00a0 Festhalle Bayernland\u00ae Die kracherte Nacht der Tracht Es gibt nix besser\u00b4s\u00a0wia was guat\u00b4s! Es d\u00fcrfen [&hellip;]<\/p>\n","protected":false},"author":2,"featured_media":0,"parent":514,"menu_order":0,"comment_status":"closed","ping_status":"closed","template":"","meta":{"footnotes":""},"class_list":["post-539","page","type-page","status-publish","hentry"],"yoast_head":"<!-- This site is optimized with the Yoast SEO plugin v27.2 - https:\/\/yoast.com\/product\/yoast-seo-wordpress\/ -->\n<title>Presse &#187; Festhalle Bayernland\u00ae - Bayrisch, z\u00fcnftig und modern - das Festzelt seit 1971<\/title>\n<meta name=\"description\" content=\"Presse &#187; Jetzt Tisch reservieren! &#187; Regionale Speisen \u2714 Tolle Stimmung \u2714 Wo nette Leute zu Freunden werden!\" \/>\n<meta name=\"robots\" content=\"index, follow, max-snippet:-1, max-image-preview:large, max-video-preview:-1\" \/>\n<link rel=\"canonical\" href=\"https:\/\/festhalle-bayernland.de\/de\/festzeltvermietung\/presse\/\" \/>\n<meta property=\"og:locale\" content=\"de_DE\" \/>\n<meta property=\"og:type\" content=\"article\" \/>\n<meta property=\"og:title\" content=\"Presse &#187; Festhalle Bayernland\u00ae - Bayrisch, z\u00fcnftig und modern - das Festzelt seit 1971\" \/>\n<meta property=\"og:description\" content=\"Presse &#187; Jetzt Tisch reservieren! &#187; Regionale Speisen \u2714 Tolle Stimmung \u2714 Wo nette Leute zu Freunden werden!\" \/>\n<meta property=\"og:url\" content=\"https:\/\/festhalle-bayernland.de\/de\/festzeltvermietung\/presse\/\" \/>\n<meta property=\"og:site_name\" content=\"Festhalle Bayernland\u00ae - Bayrisch, z\u00fcnftig und modern - das Festzelt seit 1971\" \/>\n<meta property=\"article:publisher\" content=\"https:\/\/www.facebook.com\/Festhalle.Bayernland\/\" \/>\n<meta property=\"article:modified_time\" content=\"2025-03-19T12:45:57+00:00\" \/>\n<meta property=\"og:image\" content=\"https:\/\/festhalle-bayernland.de\/wp-content\/uploads\/2025\/01\/Festhalle-Bayernland-Logo-Gold.png\" \/>\n\t<meta property=\"og:image:width\" content=\"1587\" \/>\n\t<meta property=\"og:image:height\" content=\"1020\" \/>\n\t<meta property=\"og:image:type\" content=\"image\/png\" \/>\n<meta name=\"twitter:card\" content=\"summary_large_image\" \/>\n<meta name=\"twitter:label1\" content=\"Gesch\u00e4tzte Lesezeit\" \/>\n\t<meta name=\"twitter:data1\" content=\"1\u00a0Minute\" \/>\n<script type=\"application\/ld+json\" class=\"yoast-schema-graph\">{\"@context\":\"https:\/\/schema.org\",\"@graph\":[{\"@type\":\"WebPage\",\"@id\":\"https:\/\/festhalle-bayernland.de\/festzeltvermietung\/presse\/\",\"url\":\"https:\/\/festhalle-bayernland.de\/festzeltvermietung\/presse\/\",\"name\":\"Presse &#187; Festhalle Bayernland\u00ae - Bayrisch, z\u00fcnftig und modern - das Festzelt seit 1971\",\"isPartOf\":{\"@id\":\"https:\/\/festhalle-bayernland.de\/#website\"},\"datePublished\":\"2025-01-28T04:55:20+00:00\",\"dateModified\":\"2025-03-19T12:45:57+00:00\",\"description\":\"Presse &#187; Jetzt Tisch reservieren! &#187; Regionale Speisen \u2714 Tolle Stimmung \u2714 Wo nette Leute zu Freunden werden!\",\"breadcrumb\":{\"@id\":\"https:\/\/festhalle-bayernland.de\/festzeltvermietung\/presse\/#breadcrumb\"},\"inLanguage\":\"de\",\"potentialAction\":[{\"@type\":\"ReadAction\",\"target\":[\"https:\/\/festhalle-bayernland.de\/festzeltvermietung\/presse\/\"]}]},{\"@type\":\"BreadcrumbList\",\"@id\":\"https:\/\/festhalle-bayernland.de\/festzeltvermietung\/presse\/#breadcrumb\",\"itemListElement\":[{\"@type\":\"ListItem\",\"position\":1,\"name\":\"Startseite\",\"item\":\"https:\/\/festhalle-bayernland.de\/\"},{\"@type\":\"ListItem\",\"position\":2,\"name\":\"Festzeltvermietung\",\"item\":\"https:\/\/festhalle-bayernland.de\/festzeltvermietung\/\"},{\"@type\":\"ListItem\",\"position\":3,\"name\":\"Presse\"}]},{\"@type\":\"WebSite\",\"@id\":\"https:\/\/festhalle-bayernland.de\/#website\",\"url\":\"https:\/\/festhalle-bayernland.de\/\",\"name\":\"Festhalle Bayernland \u00ae\",\"description\":\"... wo nette Leute zu Freunden werden.\",\"publisher\":{\"@id\":\"https:\/\/festhalle-bayernland.de\/#organization\"},\"potentialAction\":[{\"@type\":\"SearchAction\",\"target\":{\"@type\":\"EntryPoint\",\"urlTemplate\":\"https:\/\/festhalle-bayernland.de\/?s={search_term_string}\"},\"query-input\":{\"@type\":\"PropertyValueSpecification\",\"valueRequired\":true,\"valueName\":\"search_term_string\"}}],\"inLanguage\":\"de\"},{\"@type\":\"Organization\",\"@id\":\"https:\/\/festhalle-bayernland.de\/#organization\",\"name\":\"Festhalle Bayernland \u00ae\",\"url\":\"https:\/\/festhalle-bayernland.de\/\",\"logo\":{\"@type\":\"ImageObject\",\"inLanguage\":\"de\",\"@id\":\"https:\/\/festhalle-bayernland.de\/#\/schema\/logo\/image\/\",\"url\":\"https:\/\/festhalle-bayernland.de\/wp-content\/uploads\/2025\/01\/Festhalle-Bayernland-Logo-Gold.png\",\"contentUrl\":\"https:\/\/festhalle-bayernland.de\/wp-content\/uploads\/2025\/01\/Festhalle-Bayernland-Logo-Gold.png\",\"width\":1587,\"height\":1020,\"caption\":\"Festhalle Bayernland \u00ae\"},\"image\":{\"@id\":\"https:\/\/festhalle-bayernland.de\/#\/schema\/logo\/image\/\"},\"sameAs\":[\"https:\/\/www.facebook.com\/Festhalle.Bayernland\/\",\"https:\/\/www.instagram.com\/festhalle_bayernland\/\"]}]}<\/script>\n<!-- \/ Yoast SEO plugin. -->","yoast_head_json":{"title":"Presse &#187; Festhalle Bayernland\u00ae - Bayrisch, z\u00fcnftig und modern - das Festzelt seit 1971","description":"Presse &#187; Jetzt Tisch reservieren! &#187; Regionale Speisen \u2714 Tolle Stimmung \u2714 Wo nette Leute zu Freunden werden!","robots":{"index":"index","follow":"follow","max-snippet":"max-snippet:-1","max-image-preview":"max-image-preview:large","max-video-preview":"max-video-preview:-1"},"canonical":"https:\/\/festhalle-bayernland.de\/de\/festzeltvermietung\/presse\/","og_locale":"de_DE","og_type":"article","og_title":"Presse &#187; Festhalle Bayernland\u00ae - Bayrisch, z\u00fcnftig und modern - das Festzelt seit 1971","og_description":"Presse &#187; Jetzt Tisch reservieren! &#187; Regionale Speisen \u2714 Tolle Stimmung \u2714 Wo nette Leute zu Freunden werden!","og_url":"https:\/\/festhalle-bayernland.de\/de\/festzeltvermietung\/presse\/","og_site_name":"Festhalle Bayernland\u00ae - Bayrisch, z\u00fcnftig und modern - das Festzelt seit 1971","article_publisher":"https:\/\/www.facebook.com\/Festhalle.Bayernland\/","article_modified_time":"2025-03-19T12:45:57+00:00","og_image":[{"width":1587,"height":1020,"url":"https:\/\/festhalle-bayernland.de\/wp-content\/uploads\/2025\/01\/Festhalle-Bayernland-Logo-Gold.png","type":"image\/png"}],"twitter_card":"summary_large_image","twitter_misc":{"Gesch\u00e4tzte Lesezeit":"1\u00a0Minute"},"schema":{"@context":"https:\/\/schema.org","@graph":[{"@type":"WebPage","@id":"https:\/\/festhalle-bayernland.de\/festzeltvermietung\/presse\/","url":"https:\/\/festhalle-bayernland.de\/festzeltvermietung\/presse\/","name":"Presse &#187; Festhalle Bayernland\u00ae - Bayrisch, z\u00fcnftig und modern - das Festzelt seit 1971","isPartOf":{"@id":"https:\/\/festhalle-bayernland.de\/#website"},"datePublished":"2025-01-28T04:55:20+00:00","dateModified":"2025-03-19T12:45:57+00:00","description":"Presse &#187; Jetzt Tisch reservieren! &#187; Regionale Speisen \u2714 Tolle Stimmung \u2714 Wo nette Leute zu Freunden werden!","breadcrumb":{"@id":"https:\/\/festhalle-bayernland.de\/festzeltvermietung\/presse\/#breadcrumb"},"inLanguage":"de","potentialAction":[{"@type":"ReadAction","target":["https:\/\/festhalle-bayernland.de\/festzeltvermietung\/presse\/"]}]},{"@type":"BreadcrumbList","@id":"https:\/\/festhalle-bayernland.de\/festzeltvermietung\/presse\/#breadcrumb","itemListElement":[{"@type":"ListItem","position":1,"name":"Startseite","item":"https:\/\/festhalle-bayernland.de\/"},{"@type":"ListItem","position":2,"name":"Festzeltvermietung","item":"https:\/\/festhalle-bayernland.de\/festzeltvermietung\/"},{"@type":"ListItem","position":3,"name":"Presse"}]},{"@type":"WebSite","@id":"https:\/\/festhalle-bayernland.de\/#website","url":"https:\/\/festhalle-bayernland.de\/","name":"Festhalle Bayernland \u00ae","description":"... wo nette Leute zu Freunden werden.","publisher":{"@id":"https:\/\/festhalle-bayernland.de\/#organization"},"potentialAction":[{"@type":"SearchAction","target":{"@type":"EntryPoint","urlTemplate":"https:\/\/festhalle-bayernland.de\/?s={search_term_string}"},"query-input":{"@type":"PropertyValueSpecification","valueRequired":true,"valueName":"search_term_string"}}],"inLanguage":"de"},{"@type":"Organization","@id":"https:\/\/festhalle-bayernland.de\/#organization","name":"Festhalle Bayernland \u00ae","url":"https:\/\/festhalle-bayernland.de\/","logo":{"@type":"ImageObject","inLanguage":"de","@id":"https:\/\/festhalle-bayernland.de\/#\/schema\/logo\/image\/","url":"https:\/\/festhalle-bayernland.de\/wp-content\/uploads\/2025\/01\/Festhalle-Bayernland-Logo-Gold.png","contentUrl":"https:\/\/festhalle-bayernland.de\/wp-content\/uploads\/2025\/01\/Festhalle-Bayernland-Logo-Gold.png","width":1587,"height":1020,"caption":"Festhalle Bayernland \u00ae"},"image":{"@id":"https:\/\/festhalle-bayernland.de\/#\/schema\/logo\/image\/"},"sameAs":["https:\/\/www.facebook.com\/Festhalle.Bayernland\/","https:\/\/www.instagram.com\/festhalle_bayernland\/"]}]}},"_links":{"self":[{"href":"https:\/\/festhalle-bayernland.de\/de\/wp-json\/wp\/v2\/pages\/539","targetHints":{"allow":["GET"]}}],"collection":[{"href":"https:\/\/festhalle-bayernland.de\/de\/wp-json\/wp\/v2\/pages"}],"about":[{"href":"https:\/\/festhalle-bayernland.de\/de\/wp-json\/wp\/v2\/types\/page"}],"author":[{"embeddable":true,"href":"https:\/\/festhalle-bayernland.de\/de\/wp-json\/wp\/v2\/users\/2"}],"replies":[{"embeddable":true,"href":"https:\/\/festhalle-bayernland.de\/de\/wp-json\/wp\/v2\/comments?post=539"}],"version-history":[{"count":10,"href":"https:\/\/festhalle-bayernland.de\/de\/wp-json\/wp\/v2\/pages\/539\/revisions"}],"predecessor-version":[{"id":1651,"href":"https:\/\/festhalle-bayernland.de\/de\/wp-json\/wp\/v2\/pages\/539\/revisions\/1651"}],"up":[{"embeddable":true,"href":"https:\/\/festhalle-bayernland.de\/de\/wp-json\/wp\/v2\/pages\/514"}],"wp:attachment":[{"href":"https:\/\/festhalle-bayernland.de\/de\/wp-json\/wp\/v2\/media?parent=539"}],"curies":[{"name":"wp","href":"https:\/\/api.w.org\/{rel}","templated":true}]}}