{"id":2976,"date":"2026-05-05T21:21:45","date_gmt":"2026-05-05T19:21:45","guid":{"rendered":"https:\/\/festhalle-bayernland.de\/?page_id=2976"},"modified":"2026-05-05T21:21:46","modified_gmt":"2026-05-05T19:21:46","slug":"reservierung","status":"publish","type":"page","link":"https:\/\/festhalle-bayernland.de\/de\/noerdlinger-mess\/reservierung\/","title":{"rendered":"Reservierung N\u00f6rdlinger Mess\u00b4 2026"},"content":{"rendered":"<div>\n<h1>Jetzt reservieren!<\/h1>\n<div>\n<p><span>N\u00f6rdlinger Mess\u00b42026<br \/>06.06.2026 \u2013 15.06.2026<br \/><\/span><\/p>\n<\/div>\n<\/div>\n<ul>\n<li>\n<p>\n        <a href=\"https:\/\/festhalle-bayernland.de\/wp-content\/uploads\/2026\/05\/AGB_Noerdlinger_Mess_2026_10052024.pdf\">DE | AGB f\u00fcr Reservierungen<\/a>\n    <\/p>\n<\/li>\n<li>\n<p>\n        <a href=\"https:\/\/reservierung.festhalle-bayernland.de\/reservierung\">Zur Reservierung<\/a>\n    <\/p>\n<\/li>\n<li>\n<p>\n        <a href=\"https:\/\/reservia.online\/festhalle-bayernland-registration\/\">Benachrichtigung<\/a>\n    <\/p>\n<\/li>\n<\/ul>\n<p><!--more--><br \/>\n<!-- {\"type\":\"layout\",\"children\":[{\"type\":\"section\",\"props\":{\"image\":\"wp-content\/uploads\/2025\/01\/Fond-GrauMuster1-AdobeStock_297899176-dunkel-scharf1-scaled.jpg\",\"image_position\":\"center-center\",\"image_size\":\"cover\",\"media_overlay\":\"rgba(0, 0, 0, 0.5)\",\"padding_bottom\":\"large\",\"padding_top\":\"large\",\"style\":\"default\",\"text_color\":\"light\",\"title_breakpoint\":\"xl\",\"title_position\":\"top-left\",\"title_rotation\":\"left\",\"vertical_align\":\"\",\"width\":\"expand\"},\"children\":[{\"type\":\"row\",\"props\":{\"css\":\"@media (min-width: 960px) {\\n    .el-row { height: 50vh; }}\\n\",\"height_viewport\":0,\"height_viewport_offset\":false,\"margin_bottom\":\"default\",\"margin_top\":\"default\",\"yooessentials_access_conditions\":[],\"yooessentials_access_mode\":\"AND\"},\"children\":[{\"type\":\"column\",\"props\":{\"image_position\":\"center-center\",\"position_blend\":false,\"position_sticky_breakpoint\":\"s\"},\"children\":[{\"type\":\"panel\",\"props\":{\"animation\":\"none\",\"blend\":false,\"block_align\":\"center\",\"content\":\"\n\n<p><span>N\u00f6rdlinger Mess\u00b42026<br \/>06.06.2026 \u2013 15.06.2026<br \/><\/span><\/p>\n\n\",\"content_column_breakpoint\":\"m\",\"content_style\":\"h2\",\"css\":\".el-element {\\n    width: auto !important;\\n}\",\"image\":\"\",\"image_align\":\"bottom\",\"image_grid_breakpoint\":\"m\",\"image_grid_width\":\"1-2\",\"image_height\":133,\"image_svg_color\":\"emphasis\",\"image_width\":133,\"link_style\":\"default\",\"link_text\":\"Read more\",\"margin_bottom\":\"default\",\"margin_top\":\"default\",\"maxwidth\":\"large\",\"meta\":\"\",\"meta_align\":\"below-title\",\"meta_element\":\"div\",\"meta_style\":\"text-meta\",\"parallax_blur\":\"50\",\"parallax_breakpoint\":\"m\",\"parallax_end\":\"45vh\",\"parallax_opacity\":\"1,0\",\"parallax_start\":\"40vh\",\"parallax_target\":\"!.tm-grid-expand>*\",\"position_bottom\":\"0\",\"text_align\":\"center\",\"title\":\"Jetzt reservieren!\",\"title_align\":\"top\",\"title_color\":\"muted\",\"title_element\":\"h1\",\"title_font_family\":\"secondary\",\"title_grid_breakpoint\":\"m\",\"title_grid_width\":\"1-2\",\"title_hover_style\":\"reset\",\"title_style\":\"heading-large\"},\"name\":\"Jetzt reservieren - 60. Jubil\u00e4ums Fr\u00fchlingsfest M\u00fcnchen\"},{\"type\":\"fragment\",\"props\":{\"margin_bottom\":\"default\",\"margin_top\":\"default\"},\"children\":[{\"type\":\"row\",\"children\":[{\"type\":\"column\",\"props\":{\"image_position\":\"center-center\",\"position_sticky_breakpoint\":\"m\",\"vertical_align\":\"middle\"},\"children\":[{\"type\":\"fragment\",\"props\":{\"margin_bottom\":\"default\",\"margin_top\":\"default\"},\"children\":[{\"type\":\"row\",\"props\":{\"alignment\":\"center\"},\"children\":[{\"type\":\"column\",\"props\":{\"image_position\":\"center-center\",\"position_sticky_breakpoint\":\"m\"},\"children\":[{\"type\":\"button\",\"props\":{\"grid_column_gap\":\"small\",\"grid_row_gap\":\"small\",\"margin_bottom\":\"default\",\"margin_top\":\"default\",\"text_align\":\"center\"},\"children\":[{\"type\":\"button_item\",\"props\":{\"button_style\":\"default\",\"content\":\"DE | AGB f\u00fcr Reservierungen\",\"dialog_layout\":\"modal\",\"dialog_offcanvas_flip\":true,\"icon\":\"chevron-double-right\",\"icon_align\":\"left\",\"link\":\"https:\/\/festhalle-bayernland.de\/wp-content\/uploads\/2026\/05\/AGB_Noerdlinger_Mess_2026_10052024.pdf\",\"link_target\":true,\"link_title\":\"Allgemeine Gesch\u00e4ftsbedingungen\"}},{\"type\":\"button_item\",\"props\":{\"button_style\":\"default\",\"content\":\"Zur Reservierung\",\"dialog_layout\":\"modal\",\"dialog_offcanvas_flip\":true,\"icon\":\"chevron-double-right\",\"icon_align\":\"left\",\"link\":\"https:\/\/reservierung.festhalle-bayernland.de\/reservierung\",\"link_target\":true,\"link_title\":\"Zur Reservierung N\u00f6rdlinger Mess\u00b4 2026\"}},{\"type\":\"button_item\",\"props\":{\"button_style\":\"default\",\"content\":\"Benachrichtigung\",\"dialog_layout\":\"modal\",\"dialog_offcanvas_flip\":true,\"icon\":\"chevron-double-right\",\"icon_align\":\"left\",\"link\":\"https:\/\/reservia.online\/festhalle-bayernland-registration\/\",\"link_target\":true,\"link_title\":\"Benachrichtigung aktivieren - Erfahren Sie fr\u00fchzeitig, wenn Reservierungen freigeschaltet werden.\"}},{\"type\":\"button_item\",\"props\":{\"button_style\":\"default\",\"content\":\"EN | Terms and Condition\",\"dialog_layout\":\"modal\",\"dialog_offcanvas_flip\":true,\"icon\":\"chevron-double-right\",\"icon_align\":\"left\",\"link\":\"wp-content\/uploads\/2025\/03\/Terms_Conditions_Reservation-Form_2025_Festhalle_Bayernland_Munich_Springfest_Fruehlingsfest_07012025.pdf\",\"link_title\":\"Terms and Condition\",\"status\":\"disabled\"}}]}]}]}]}]}]}]}]}]}],\"name\":\"Volksfeste\"}],\"version\":\"5.0.24\",\"yooessentialsVersion\":\"3.0.6\"} --><\/p>\n","protected":false},"excerpt":{"rendered":"<p>Jetzt reservieren! N\u00f6rdlinger Mess\u00b4202606.06.2026 \u2013 15.06.2026 DE | AGB f\u00fcr Reservierungen Zur Reservierung Benachrichtigung<\/p>\n","protected":false},"author":6,"featured_media":0,"parent":484,"menu_order":0,"comment_status":"closed","ping_status":"closed","template":"","meta":{"footnotes":""},"class_list":["post-2976","page","type-page","status-publish","hentry"],"yoast_head":"<!-- This site is optimized with the Yoast SEO plugin v27.2 - https:\/\/yoast.com\/product\/yoast-seo-wordpress\/ -->\n<title>Reservierung M\u00fcnchner Fr\u00fchlingsfest 2026&#187; Festhalle Bayernland\u00ae - Bayrisch, z\u00fcnftig und modern - das Festzelt seit 1971 | Augustiner Festzelt<\/title>\n<meta name=\"description\" content=\"Jetzt Tisch reservieren! &#187; Regionale Speisen \u2714 Tolle Stimmung \u2714 Festhalle Bayernland &#187; Hier werden Fremde zu Freunden!\" \/>\n<meta name=\"robots\" content=\"index, follow, max-snippet:-1, max-image-preview:large, max-video-preview:-1\" \/>\n<link rel=\"canonical\" href=\"https:\/\/festhalle-bayernland.de\/de\/noerdlinger-mess\/reservierung\/\" \/>\n<meta property=\"og:locale\" content=\"de_DE\" \/>\n<meta property=\"og:type\" content=\"article\" \/>\n<meta property=\"og:title\" content=\"Reservierung M\u00fcnchner Fr\u00fchlingsfest 2026&#187; Festhalle Bayernland\u00ae - Bayrisch, z\u00fcnftig und modern - das Festzelt seit 1971 | Augustiner Festzelt\" \/>\n<meta property=\"og:description\" content=\"Jetzt Tisch reservieren! &#187; Regionale Speisen \u2714 Tolle Stimmung \u2714 Festhalle Bayernland &#187; Hier werden Fremde zu Freunden!\" \/>\n<meta property=\"og:url\" content=\"https:\/\/festhalle-bayernland.de\/de\/noerdlinger-mess\/reservierung\/\" \/>\n<meta property=\"og:site_name\" content=\"Festhalle Bayernland\u00ae - Bayrisch, z\u00fcnftig und modern - das Festzelt seit 1971\" \/>\n<meta property=\"article:publisher\" content=\"https:\/\/www.facebook.com\/Festhalle.Bayernland\/\" \/>\n<meta property=\"article:modified_time\" content=\"2026-05-05T19:21:46+00:00\" \/>\n<meta property=\"og:image\" content=\"https:\/\/festhalle-bayernland.de\/wp-content\/uploads\/2025\/01\/Festhalle-Bayernland-Logo-Gold.png\" \/>\n\t<meta property=\"og:image:width\" content=\"1587\" \/>\n\t<meta property=\"og:image:height\" content=\"1020\" \/>\n\t<meta property=\"og:image:type\" content=\"image\/png\" \/>\n<meta name=\"twitter:card\" content=\"summary_large_image\" \/>\n<meta name=\"twitter:label1\" content=\"Gesch\u00e4tzte Lesezeit\" \/>\n\t<meta name=\"twitter:data1\" content=\"1\u00a0Minute\" \/>\n<script type=\"application\/ld+json\" class=\"yoast-schema-graph\">{\"@context\":\"https:\/\/schema.org\",\"@graph\":[{\"@type\":\"WebPage\",\"@id\":\"https:\/\/festhalle-bayernland.de\/noerdlinger-mess\/reservierung\/\",\"url\":\"https:\/\/festhalle-bayernland.de\/noerdlinger-mess\/reservierung\/\",\"name\":\"Reservierung M\u00fcnchner Fr\u00fchlingsfest 2026&#187; Festhalle Bayernland\u00ae - Bayrisch, z\u00fcnftig und modern - das Festzelt seit 1971 | Augustiner Festzelt\",\"isPartOf\":{\"@id\":\"https:\/\/festhalle-bayernland.de\/#website\"},\"datePublished\":\"2026-05-05T19:21:45+00:00\",\"dateModified\":\"2026-05-05T19:21:46+00:00\",\"description\":\"Jetzt Tisch reservieren! &#187; Regionale Speisen \u2714 Tolle Stimmung \u2714 Festhalle Bayernland &#187; Hier werden Fremde zu Freunden!\",\"breadcrumb\":{\"@id\":\"https:\/\/festhalle-bayernland.de\/noerdlinger-mess\/reservierung\/#breadcrumb\"},\"inLanguage\":\"de\",\"potentialAction\":[{\"@type\":\"ReadAction\",\"target\":[\"https:\/\/festhalle-bayernland.de\/noerdlinger-mess\/reservierung\/\"]}]},{\"@type\":\"BreadcrumbList\",\"@id\":\"https:\/\/festhalle-bayernland.de\/noerdlinger-mess\/reservierung\/#breadcrumb\",\"itemListElement\":[{\"@type\":\"ListItem\",\"position\":1,\"name\":\"Startseite\",\"item\":\"https:\/\/festhalle-bayernland.de\/\"},{\"@type\":\"ListItem\",\"position\":2,\"name\":\"N\u00f6rdlinger Mess`\",\"item\":\"https:\/\/festhalle-bayernland.de\/noerdlinger-mess\/\"},{\"@type\":\"ListItem\",\"position\":3,\"name\":\"Reservierung N\u00f6rdlinger Mess\u00b4 2026\"}]},{\"@type\":\"WebSite\",\"@id\":\"https:\/\/festhalle-bayernland.de\/#website\",\"url\":\"https:\/\/festhalle-bayernland.de\/\",\"name\":\"Festhalle Bayernland \u00ae\",\"description\":\"... wo nette Leute zu Freunden werden.\",\"publisher\":{\"@id\":\"https:\/\/festhalle-bayernland.de\/#organization\"},\"potentialAction\":[{\"@type\":\"SearchAction\",\"target\":{\"@type\":\"EntryPoint\",\"urlTemplate\":\"https:\/\/festhalle-bayernland.de\/?s={search_term_string}\"},\"query-input\":{\"@type\":\"PropertyValueSpecification\",\"valueRequired\":true,\"valueName\":\"search_term_string\"}}],\"inLanguage\":\"de\"},{\"@type\":\"Organization\",\"@id\":\"https:\/\/festhalle-bayernland.de\/#organization\",\"name\":\"Festhalle Bayernland \u00ae\",\"url\":\"https:\/\/festhalle-bayernland.de\/\",\"logo\":{\"@type\":\"ImageObject\",\"inLanguage\":\"de\",\"@id\":\"https:\/\/festhalle-bayernland.de\/#\/schema\/logo\/image\/\",\"url\":\"https:\/\/festhalle-bayernland.de\/wp-content\/uploads\/2025\/01\/Festhalle-Bayernland-Logo-Gold.png\",\"contentUrl\":\"https:\/\/festhalle-bayernland.de\/wp-content\/uploads\/2025\/01\/Festhalle-Bayernland-Logo-Gold.png\",\"width\":1587,\"height\":1020,\"caption\":\"Festhalle Bayernland \u00ae\"},\"image\":{\"@id\":\"https:\/\/festhalle-bayernland.de\/#\/schema\/logo\/image\/\"},\"sameAs\":[\"https:\/\/www.facebook.com\/Festhalle.Bayernland\/\",\"https:\/\/www.instagram.com\/festhalle_bayernland\/\"]}]}<\/script>\n<!-- \/ Yoast SEO plugin. -->","yoast_head_json":{"title":"Reservierung M\u00fcnchner Fr\u00fchlingsfest 2026&#187; Festhalle Bayernland\u00ae - Bayrisch, z\u00fcnftig und modern - das Festzelt seit 1971 | Augustiner Festzelt","description":"Jetzt Tisch reservieren! &#187; Regionale Speisen \u2714 Tolle Stimmung \u2714 Festhalle Bayernland &#187; Hier werden Fremde zu Freunden!","robots":{"index":"index","follow":"follow","max-snippet":"max-snippet:-1","max-image-preview":"max-image-preview:large","max-video-preview":"max-video-preview:-1"},"canonical":"https:\/\/festhalle-bayernland.de\/de\/noerdlinger-mess\/reservierung\/","og_locale":"de_DE","og_type":"article","og_title":"Reservierung M\u00fcnchner Fr\u00fchlingsfest 2026&#187; Festhalle Bayernland\u00ae - Bayrisch, z\u00fcnftig und modern - das Festzelt seit 1971 | Augustiner Festzelt","og_description":"Jetzt Tisch reservieren! &#187; Regionale Speisen \u2714 Tolle Stimmung \u2714 Festhalle Bayernland &#187; Hier werden Fremde zu Freunden!","og_url":"https:\/\/festhalle-bayernland.de\/de\/noerdlinger-mess\/reservierung\/","og_site_name":"Festhalle Bayernland\u00ae - Bayrisch, z\u00fcnftig und modern - das Festzelt seit 1971","article_publisher":"https:\/\/www.facebook.com\/Festhalle.Bayernland\/","article_modified_time":"2026-05-05T19:21:46+00:00","og_image":[{"width":1587,"height":1020,"url":"https:\/\/festhalle-bayernland.de\/wp-content\/uploads\/2025\/01\/Festhalle-Bayernland-Logo-Gold.png","type":"image\/png"}],"twitter_card":"summary_large_image","twitter_misc":{"Gesch\u00e4tzte Lesezeit":"1\u00a0Minute"},"schema":{"@context":"https:\/\/schema.org","@graph":[{"@type":"WebPage","@id":"https:\/\/festhalle-bayernland.de\/noerdlinger-mess\/reservierung\/","url":"https:\/\/festhalle-bayernland.de\/noerdlinger-mess\/reservierung\/","name":"Reservierung M\u00fcnchner Fr\u00fchlingsfest 2026&#187; Festhalle Bayernland\u00ae - Bayrisch, z\u00fcnftig und modern - das Festzelt seit 1971 | Augustiner Festzelt","isPartOf":{"@id":"https:\/\/festhalle-bayernland.de\/#website"},"datePublished":"2026-05-05T19:21:45+00:00","dateModified":"2026-05-05T19:21:46+00:00","description":"Jetzt Tisch reservieren! &#187; Regionale Speisen \u2714 Tolle Stimmung \u2714 Festhalle Bayernland &#187; Hier werden Fremde zu Freunden!","breadcrumb":{"@id":"https:\/\/festhalle-bayernland.de\/noerdlinger-mess\/reservierung\/#breadcrumb"},"inLanguage":"de","potentialAction":[{"@type":"ReadAction","target":["https:\/\/festhalle-bayernland.de\/noerdlinger-mess\/reservierung\/"]}]},{"@type":"BreadcrumbList","@id":"https:\/\/festhalle-bayernland.de\/noerdlinger-mess\/reservierung\/#breadcrumb","itemListElement":[{"@type":"ListItem","position":1,"name":"Startseite","item":"https:\/\/festhalle-bayernland.de\/"},{"@type":"ListItem","position":2,"name":"N\u00f6rdlinger Mess`","item":"https:\/\/festhalle-bayernland.de\/noerdlinger-mess\/"},{"@type":"ListItem","position":3,"name":"Reservierung N\u00f6rdlinger Mess\u00b4 2026"}]},{"@type":"WebSite","@id":"https:\/\/festhalle-bayernland.de\/#website","url":"https:\/\/festhalle-bayernland.de\/","name":"Festhalle Bayernland \u00ae","description":"... wo nette Leute zu Freunden werden.","publisher":{"@id":"https:\/\/festhalle-bayernland.de\/#organization"},"potentialAction":[{"@type":"SearchAction","target":{"@type":"EntryPoint","urlTemplate":"https:\/\/festhalle-bayernland.de\/?s={search_term_string}"},"query-input":{"@type":"PropertyValueSpecification","valueRequired":true,"valueName":"search_term_string"}}],"inLanguage":"de"},{"@type":"Organization","@id":"https:\/\/festhalle-bayernland.de\/#organization","name":"Festhalle Bayernland \u00ae","url":"https:\/\/festhalle-bayernland.de\/","logo":{"@type":"ImageObject","inLanguage":"de","@id":"https:\/\/festhalle-bayernland.de\/#\/schema\/logo\/image\/","url":"https:\/\/festhalle-bayernland.de\/wp-content\/uploads\/2025\/01\/Festhalle-Bayernland-Logo-Gold.png","contentUrl":"https:\/\/festhalle-bayernland.de\/wp-content\/uploads\/2025\/01\/Festhalle-Bayernland-Logo-Gold.png","width":1587,"height":1020,"caption":"Festhalle Bayernland \u00ae"},"image":{"@id":"https:\/\/festhalle-bayernland.de\/#\/schema\/logo\/image\/"},"sameAs":["https:\/\/www.facebook.com\/Festhalle.Bayernland\/","https:\/\/www.instagram.com\/festhalle_bayernland\/"]}]}},"_links":{"self":[{"href":"https:\/\/festhalle-bayernland.de\/de\/wp-json\/wp\/v2\/pages\/2976","targetHints":{"allow":["GET"]}}],"collection":[{"href":"https:\/\/festhalle-bayernland.de\/de\/wp-json\/wp\/v2\/pages"}],"about":[{"href":"https:\/\/festhalle-bayernland.de\/de\/wp-json\/wp\/v2\/types\/page"}],"author":[{"embeddable":true,"href":"https:\/\/festhalle-bayernland.de\/de\/wp-json\/wp\/v2\/users\/6"}],"replies":[{"embeddable":true,"href":"https:\/\/festhalle-bayernland.de\/de\/wp-json\/wp\/v2\/comments?post=2976"}],"version-history":[{"count":4,"href":"https:\/\/festhalle-bayernland.de\/de\/wp-json\/wp\/v2\/pages\/2976\/revisions"}],"predecessor-version":[{"id":2983,"href":"https:\/\/festhalle-bayernland.de\/de\/wp-json\/wp\/v2\/pages\/2976\/revisions\/2983"}],"up":[{"embeddable":true,"href":"https:\/\/festhalle-bayernland.de\/de\/wp-json\/wp\/v2\/pages\/484"}],"wp:attachment":[{"href":"https:\/\/festhalle-bayernland.de\/de\/wp-json\/wp\/v2\/media?parent=2976"}],"curies":[{"name":"wp","href":"https:\/\/api.w.org\/{rel}","templated":true}]}}